{"id":31651,"date":"2025-02-26T16:45:37","date_gmt":"2025-02-26T16:45:37","guid":{"rendered":"http:\/\/rma.legal\/le-bureau\/"},"modified":"2025-11-07T10:22:05","modified_gmt":"2025-11-07T10:22:05","slug":"le-bureau","status":"publish","type":"page","link":"https:\/\/rma.legal\/fr\/le-bureau\/","title":{"rendered":"Le Cabinet"},"content":{"rendered":"\t\t<div data-elementor-type=\"wp-page\" data-elementor-id=\"31651\" class=\"elementor elementor-31651 elementor-27405\" data-elementor-post-type=\"page\">\n\t\t\t\t<div class=\"elementor-element elementor-element-382ca2d e-flex e-con-boxed e-con e-parent\" data-id=\"382ca2d\" data-element_type=\"container\" data-settings=\"{&quot;background_background&quot;:&quot;classic&quot;}\">\n\t\t\t\t\t<div class=\"e-con-inner\">\n\t\t\t\t<div class=\"elementor-element elementor-element-d7ed256 elementor-widget-divider--view-line elementor-widget elementor-widget-divider\" data-id=\"d7ed256\" data-element_type=\"widget\" data-widget_type=\"divider.default\">\n\t\t\t\t<div class=\"elementor-widget-container\">\n\t\t\t\t\t\t\t<div class=\"elementor-divider\">\n\t\t\t<span class=\"elementor-divider-separator\">\n\t\t\t\t\t\t<\/span>\n\t\t<\/div>\n\t\t\t\t\t\t<\/div>\n\t\t\t\t<\/div>\n\t\t\t\t<div class=\"elementor-element elementor-element-b0e9ba7 elementor-widget__width-initial elementor-widget elementor-widget-text-editor\" data-id=\"b0e9ba7\" data-element_type=\"widget\" data-widget_type=\"text-editor.default\">\n\t\t\t\t<div class=\"elementor-widget-container\">\n\t\t\t\t\t\t\t\t\t<p>Notre mission : la d\u00e9fense et la satisfaction de nos clients, ce qui, dans le domaine de la propri\u00e9t\u00e9 industrielle et intellectuelle, signifie \u00e0 la fois optimiser et prot\u00e9ger leurs droits et les d\u00e9fendre contre d&rsquo;\u00e9ventuelles actions de tiers.<\/p>\t\t\t\t\t\t\t\t<\/div>\n\t\t\t\t<\/div>\n\t\t\t\t\t<\/div>\n\t\t\t\t<\/div>\n\t\t<div class=\"elementor-element elementor-element-b478593 e-flex e-con-boxed e-con e-parent\" data-id=\"b478593\" data-element_type=\"container\" data-settings=\"{&quot;background_background&quot;:&quot;gradient&quot;}\">\n\t\t\t\t\t<div class=\"e-con-inner\">\n\t\t<div class=\"elementor-element elementor-element-fcf32a3 e-flex e-con-boxed e-con e-child\" data-id=\"fcf32a3\" data-element_type=\"container\">\n\t\t\t\t\t<div class=\"e-con-inner\">\n\t\t\t\t<div class=\"elementor-element elementor-element-05e7792 elementor-widget elementor-widget-heading\" data-id=\"05e7792\" data-element_type=\"widget\" data-widget_type=\"heading.default\">\n\t\t\t\t<div class=\"elementor-widget-container\">\n\t\t\t\t\t<h2 class=\"elementor-heading-title elementor-size-default\">Nous voulons vous aider<\/h2>\t\t\t\t<\/div>\n\t\t\t\t<\/div>\n\t\t\t\t<div class=\"elementor-element elementor-element-1ecc51c elementor-widget elementor-widget-heading\" data-id=\"1ecc51c\" data-element_type=\"widget\" data-widget_type=\"heading.default\">\n\t\t\t\t<div class=\"elementor-widget-container\">\n\t\t\t\t\t<h3 class=\"elementor-heading-title elementor-size-default\">La propri\u00e9t\u00e9 industrielle a des limites. Elle ne prot\u00e8ge pas seulement les d\u00e9tenteurs de droits.\nLes abus peuvent \u00e9galement \u00eatre combattus. <\/h3>\t\t\t\t<\/div>\n\t\t\t\t<\/div>\n\t\t\t\t<div class=\"elementor-element elementor-element-9bb9050 elementor-widget elementor-widget-text-editor\" data-id=\"9bb9050\" data-element_type=\"widget\" data-widget_type=\"text-editor.default\">\n\t\t\t\t<div class=\"elementor-widget-container\">\n\t\t\t\t\t\t\t\t\t<p>Nous aidons nos clients \u00e0 conna\u00eetre leurs droits, \u00e0 les prot\u00e9ger de la mani\u00e8re la plus rationnelle et la plus appropri\u00e9e, et nous leur fournissons les outils n\u00e9cessaires \u00e0 une valorisation optimale. Nous les guidons \u00e9galement pour minimiser les risques, et nous les conseillons et les d\u00e9fendons contre les actes de contrefa\u00e7on commis par des tiers. <\/p><p>Mais la propri\u00e9t\u00e9 industrielle a aussi des limites et il est important de les conna\u00eetre. Nous avons l&rsquo;exp\u00e9rience de la d\u00e9fense contre les actions en justice des titulaires de droits et les actions abusives. Quel que soit votre camp, vous devez conna\u00eetre vos droits et savoir ce que vous pouvez faire et ce que vous ne pouvez pas faire. Nous pouvons vous aider.   <\/p>\t\t\t\t\t\t\t\t<\/div>\n\t\t\t\t<\/div>\n\t\t\t\t\t<\/div>\n\t\t\t\t<\/div>\n\t\t\t\t\t<\/div>\n\t\t\t\t<\/div>\n\t\t<div class=\"elementor-element elementor-element-7ff9071 e-flex e-con-boxed e-con e-parent\" data-id=\"7ff9071\" data-element_type=\"container\">\n\t\t\t\t\t<div class=\"e-con-inner\">\n\t\t\t\t<div class=\"elementor-element elementor-element-328df00 elementor-widget elementor-widget-heading\" data-id=\"328df00\" data-element_type=\"widget\" data-widget_type=\"heading.default\">\n\t\t\t\t<div class=\"elementor-widget-container\">\n\t\t\t\t\t<h2 class=\"elementor-heading-title elementor-size-default\">Pourquoi sommes-nous diff\u00e9rents ?<\/h2>\t\t\t\t<\/div>\n\t\t\t\t<\/div>\n\t\t\t\t<div class=\"elementor-element elementor-element-3504e00 elementor-widget__width-initial elementor-widget elementor-widget-heading\" data-id=\"3504e00\" data-element_type=\"widget\" data-widget_type=\"heading.default\">\n\t\t\t\t<div class=\"elementor-widget-container\">\n\t\t\t\t\t<h3 class=\"elementor-heading-title elementor-size-default\">Le traitement personnalis\u00e9, l'agilit\u00e9 et l'honn\u00eatet\u00e9 nous d\u00e9finissent. Notre objectif est de satisfaire pleinement les int\u00e9r\u00eats de nos clients. <\/h3>\t\t\t\t<\/div>\n\t\t\t\t<\/div>\n\t\t\t\t\t<\/div>\n\t\t\t\t<\/div>\n\t\t\t\t<section class=\"elementor-section elementor-top-section elementor-element elementor-element-a65356c elementor-section-boxed elementor-section-height-default elementor-section-height-default\" data-id=\"a65356c\" data-element_type=\"section\">\n\t\t\t\t\t\t<div class=\"elementor-container elementor-column-gap-default\">\n\t\t\t\t\t<div class=\"elementor-column elementor-col-100 elementor-top-column elementor-element elementor-element-f877082\" data-id=\"f877082\" data-element_type=\"column\">\n\t\t\t<div class=\"elementor-widget-wrap elementor-element-populated\">\n\t\t\t\t<div class=\"elementor-element elementor-element-69ffc96 e-con-full e-flex e-con e-parent\" data-id=\"69ffc96\" data-element_type=\"container\">\n\t\t<div class=\"elementor-element elementor-element-f3f328b e-con-full e-flex elementor-invisible e-con e-child\" data-id=\"f3f328b\" data-element_type=\"container\" data-settings=\"{&quot;animation&quot;:&quot;fadeInLeft&quot;,&quot;animation_delay&quot;:&quot;100&quot;,&quot;background_background&quot;:&quot;classic&quot;}\">\n\t\t\t\t<div class=\"elementor-element elementor-element-3c83574 elementor-widget-tablet__width-inherit elementor-widget elementor-widget-image-box\" data-id=\"3c83574\" data-element_type=\"widget\" data-widget_type=\"image-box.default\">\n\t\t\t\t<div class=\"elementor-widget-container\">\n\t\t\t\t\t<div class=\"elementor-image-box-wrapper\"><div class=\"elementor-image-box-content\"><h3 class=\"elementor-image-box-title\">Engagement juridique<\/h3><p class=\"elementor-image-box-description\">Nous sommes un cabinet\/boutique d'avocats dont les avocats, tous sp\u00e9cialistes et passionn\u00e9s, s'impliquent personnellement dans la gestion des dossiers qui nous sont confi\u00e9s.<\/p><\/div><\/div>\t\t\t\t<\/div>\n\t\t\t\t<\/div>\n\t\t\t\t<\/div>\n\t\t<div class=\"elementor-element elementor-element-60fa815 elementor-hidden-phone e-con-full e-flex elementor-invisible e-con e-child\" data-id=\"60fa815\" data-element_type=\"container\" data-settings=\"{&quot;animation&quot;:&quot;fadeInLeft&quot;,&quot;animation_delay&quot;:&quot;200&quot;}\">\n\t\t\t\t<div class=\"elementor-element elementor-element-d00b471 elementor-view-default elementor-widget elementor-widget-icon\" data-id=\"d00b471\" data-element_type=\"widget\" data-widget_type=\"icon.default\">\n\t\t\t\t<div class=\"elementor-widget-container\">\n\t\t\t\t\t\t\t<div class=\"elementor-icon-wrapper\">\n\t\t\t<div class=\"elementor-icon\">\n\t\t\t<svg aria-hidden=\"true\" class=\"e-font-icon-svg e-fas-chevron-right\" viewBox=\"0 0 320 512\" xmlns=\"http:\/\/www.w3.org\/2000\/svg\"><path d=\"M285.476 272.971L91.132 467.314c-9.373 9.373-24.569 9.373-33.941 0l-22.667-22.667c-9.357-9.357-9.375-24.522-.04-33.901L188.505 256 34.484 101.255c-9.335-9.379-9.317-24.544.04-33.901l22.667-22.667c9.373-9.373 24.569-9.373 33.941 0L285.475 239.03c9.373 9.372 9.373 24.568.001 33.941z\"><\/path><\/svg>\t\t\t<\/div>\n\t\t<\/div>\n\t\t\t\t\t\t<\/div>\n\t\t\t\t<\/div>\n\t\t\t\t<\/div>\n\t\t<div class=\"elementor-element elementor-element-bd964da e-con-full e-flex elementor-invisible e-con e-child\" data-id=\"bd964da\" data-element_type=\"container\" data-settings=\"{&quot;animation&quot;:&quot;fadeInLeft&quot;,&quot;animation_delay&quot;:&quot;100&quot;,&quot;background_background&quot;:&quot;classic&quot;}\">\n\t\t\t\t<div class=\"elementor-element elementor-element-438b268 elementor-widget-tablet__width-inherit elementor-widget elementor-widget-image-box\" data-id=\"438b268\" data-element_type=\"widget\" data-widget_type=\"image-box.default\">\n\t\t\t\t<div class=\"elementor-widget-container\">\n\t\t\t\t\t<div class=\"elementor-image-box-wrapper\"><div class=\"elementor-image-box-content\"><h3 class=\"elementor-image-box-title\">Une strat\u00e9gie pr\u00e9cise<\/h3><p class=\"elementor-image-box-description\">La connaissance pr\u00e9alable des probl\u00e9matiques du secteur dans lequel op\u00e8re notre client, ainsi que la rigueur dans l'\u00e9laboration de la strat\u00e9gie la plus appropri\u00e9e \u00e0 chaque cas, sont les outils indispensables pour atteindre cet objectif.<\/p><\/div><\/div>\t\t\t\t<\/div>\n\t\t\t\t<\/div>\n\t\t\t\t<\/div>\n\t\t<div class=\"elementor-element elementor-element-0add69e elementor-hidden-phone e-con-full e-flex elementor-invisible e-con e-child\" data-id=\"0add69e\" data-element_type=\"container\" data-settings=\"{&quot;animation&quot;:&quot;fadeInLeft&quot;,&quot;animation_delay&quot;:&quot;200&quot;}\">\n\t\t\t\t<div class=\"elementor-element elementor-element-b7e433f elementor-view-default elementor-widget elementor-widget-icon\" data-id=\"b7e433f\" data-element_type=\"widget\" data-widget_type=\"icon.default\">\n\t\t\t\t<div class=\"elementor-widget-container\">\n\t\t\t\t\t\t\t<div class=\"elementor-icon-wrapper\">\n\t\t\t<div class=\"elementor-icon\">\n\t\t\t<svg aria-hidden=\"true\" class=\"e-font-icon-svg e-fas-chevron-right\" viewBox=\"0 0 320 512\" xmlns=\"http:\/\/www.w3.org\/2000\/svg\"><path d=\"M285.476 272.971L91.132 467.314c-9.373 9.373-24.569 9.373-33.941 0l-22.667-22.667c-9.357-9.357-9.375-24.522-.04-33.901L188.505 256 34.484 101.255c-9.335-9.379-9.317-24.544.04-33.901l22.667-22.667c9.373-9.373 24.569-9.373 33.941 0L285.475 239.03c9.373 9.372 9.373 24.568.001 33.941z\"><\/path><\/svg>\t\t\t<\/div>\n\t\t<\/div>\n\t\t\t\t\t\t<\/div>\n\t\t\t\t<\/div>\n\t\t\t\t<\/div>\n\t\t<div class=\"elementor-element elementor-element-8f3d175 e-con-full e-flex elementor-invisible e-con e-child\" data-id=\"8f3d175\" data-element_type=\"container\" data-settings=\"{&quot;animation&quot;:&quot;fadeInLeft&quot;,&quot;animation_delay&quot;:&quot;100&quot;,&quot;background_background&quot;:&quot;classic&quot;}\">\n\t\t\t\t<div class=\"elementor-element elementor-element-265d8c7 elementor-widget-tablet__width-inherit elementor-widget elementor-widget-image-box\" data-id=\"265d8c7\" data-element_type=\"widget\" data-widget_type=\"image-box.default\">\n\t\t\t\t<div class=\"elementor-widget-container\">\n\t\t\t\t\t<div class=\"elementor-image-box-wrapper\"><div class=\"elementor-image-box-content\"><h3 class=\"elementor-image-box-title\">Des solutions sur mesure<\/h3><p class=\"elementor-image-box-description\">Notre structure et notre philosophie nous permettent \u00e9galement de nous adapter aux r\u00e9alit\u00e9s de nos clients. Vous trouverez toujours dans notre bureau une formule adapt\u00e9e \u00e0 vos besoins. <\/p><\/div><\/div>\t\t\t\t<\/div>\n\t\t\t\t<\/div>\n\t\t\t\t<\/div>\n\t\t\t\t<\/div>\n\t\t\t\t\t<\/div>\n\t\t<\/div>\n\t\t\t\t\t<\/div>\n\t\t<\/section>\n\t\t<div class=\"elementor-element elementor-element-516afa9 e-flex e-con-boxed e-con e-parent\" data-id=\"516afa9\" data-element_type=\"container\" data-settings=\"{&quot;background_background&quot;:&quot;classic&quot;}\">\n\t\t\t\t\t<div class=\"e-con-inner\">\n\t\t<div class=\"elementor-element elementor-element-dcf0002 e-con-full e-flex e-con e-child\" data-id=\"dcf0002\" data-element_type=\"container\">\n\t\t\t\t<div class=\"elementor-element elementor-element-63c0d80 elementor-align-left elementor-mobile-align-justify elementor-widget elementor-widget-button\" data-id=\"63c0d80\" data-element_type=\"widget\" data-widget_type=\"button.default\">\n\t\t\t\t<div class=\"elementor-widget-container\">\n\t\t\t\t\t\t\t\t\t<div class=\"elementor-button-wrapper\">\n\t\t\t\t\t<a class=\"elementor-button elementor-button-link elementor-size-sm\" href=\"http:\/\/rma.legal\/equipo\/\">\n\t\t\t\t\t\t<span class=\"elementor-button-content-wrapper\">\n\t\t\t\t\t\t\t\t\t<span class=\"elementor-button-text\">RENCONTREZ NOTRE \u00c9QUIPE<\/span>\n\t\t\t\t\t<\/span>\n\t\t\t\t\t<\/a>\n\t\t\t\t<\/div>\n\t\t\t\t\t\t\t\t<\/div>\n\t\t\t\t<\/div>\n\t\t\t\t<\/div>\n\t\t\t\t\t<\/div>\n\t\t\t\t<\/div>\n\t\t\t\t<\/div>\n\t\t","protected":false},"excerpt":{"rendered":"<p>Notre mission : la d\u00e9fense et la satisfaction de nos clients, ce qui, dans le domaine de la propri\u00e9t\u00e9 industrielle et intellectuelle, signifie \u00e0 la fois optimiser et prot\u00e9ger leurs droits et les d\u00e9fendre contre d&rsquo;\u00e9ventuelles actions de tiers. Nous voulons vous aider La propri\u00e9t\u00e9 industrielle a des limites. Elle ne prot\u00e8ge pas seulement les [&hellip;]<\/p>\n","protected":false},"author":2,"featured_media":0,"parent":0,"menu_order":0,"comment_status":"closed","ping_status":"closed","template":"elementor_header_footer","meta":{"footnotes":""},"class_list":["post-31651","page","type-page","status-publish","hentry"],"yoast_head":"<!-- This site is optimized with the Yoast SEO plugin v25.9 - https:\/\/yoast.com\/wordpress\/plugins\/seo\/ -->\n<title>Notre cabinet : RMA Abogados<\/title>\n<meta name=\"description\" content=\"D\u00e9couvrez la philosophie et la trajectoire de RMA Legal, un cabinet d&#039;avocats de Barcelone sp\u00e9cialis\u00e9 dans le conseil aux entreprises avec une approche pratique, strat\u00e9gique et multidisciplinaire.\" \/>\n<meta name=\"robots\" content=\"index, follow, max-snippet:-1, max-image-preview:large, max-video-preview:-1\" \/>\n<link rel=\"canonical\" href=\"https:\/\/rma.legal\/fr\/le-bureau\/\" \/>\n<meta property=\"og:locale\" content=\"fr_FR\" \/>\n<meta property=\"og:type\" content=\"article\" \/>\n<meta property=\"og:title\" content=\"Notre cabinet : RMA Abogados\" \/>\n<meta property=\"og:description\" content=\"D\u00e9couvrez la philosophie et la trajectoire de RMA Legal, un cabinet d&#039;avocats de Barcelone sp\u00e9cialis\u00e9 dans le conseil aux entreprises avec une approche pratique, strat\u00e9gique et multidisciplinaire.\" \/>\n<meta property=\"og:url\" content=\"https:\/\/rma.legal\/fr\/le-bureau\/\" \/>\n<meta property=\"og:site_name\" content=\"Avocats du RMA\" \/>\n<meta property=\"article:modified_time\" content=\"2025-11-07T10:22:05+00:00\" \/>\n<meta name=\"twitter:card\" content=\"summary_large_image\" \/>\n<meta name=\"twitter:label1\" content=\"Dur\u00e9e de lecture estim\u00e9e\" \/>\n\t<meta name=\"twitter:data1\" content=\"2 minutes\" \/>\n<script type=\"application\/ld+json\" class=\"yoast-schema-graph\">{\"@context\":\"https:\/\/schema.org\",\"@graph\":[{\"@type\":\"WebPage\",\"@id\":\"https:\/\/rma.legal\/fr\/le-bureau\/\",\"url\":\"https:\/\/rma.legal\/fr\/le-bureau\/\",\"name\":\"Notre cabinet : RMA Abogados\",\"isPartOf\":{\"@id\":\"https:\/\/rma.legal\/fr\/#website\"},\"datePublished\":\"2025-02-26T16:45:37+00:00\",\"dateModified\":\"2025-11-07T10:22:05+00:00\",\"description\":\"D\u00e9couvrez la philosophie et la trajectoire de RMA Legal, un cabinet d'avocats de Barcelone sp\u00e9cialis\u00e9 dans le conseil aux entreprises avec une approche pratique, strat\u00e9gique et multidisciplinaire.\",\"breadcrumb\":{\"@id\":\"https:\/\/rma.legal\/fr\/le-bureau\/#breadcrumb\"},\"inLanguage\":\"fr-FR\",\"potentialAction\":[{\"@type\":\"ReadAction\",\"target\":[\"https:\/\/rma.legal\/fr\/le-bureau\/\"]}]},{\"@type\":\"BreadcrumbList\",\"@id\":\"https:\/\/rma.legal\/fr\/le-bureau\/#breadcrumb\",\"itemListElement\":[{\"@type\":\"ListItem\",\"position\":1,\"name\":\"Portada\",\"item\":\"https:\/\/rma.legal\/fr\/\"},{\"@type\":\"ListItem\",\"position\":2,\"name\":\"Le Cabinet\"}]},{\"@type\":\"WebSite\",\"@id\":\"https:\/\/rma.legal\/fr\/#website\",\"url\":\"https:\/\/rma.legal\/fr\/\",\"name\":\"Avocats du RMA\",\"description\":\"RMA Legal Abogados\",\"publisher\":{\"@id\":\"https:\/\/rma.legal\/fr\/#organization\"},\"potentialAction\":[{\"@type\":\"SearchAction\",\"target\":{\"@type\":\"EntryPoint\",\"urlTemplate\":\"https:\/\/rma.legal\/fr\/?s={search_term_string}\"},\"query-input\":{\"@type\":\"PropertyValueSpecification\",\"valueRequired\":true,\"valueName\":\"search_term_string\"}}],\"inLanguage\":\"fr-FR\"},{\"@type\":\"Organization\",\"@id\":\"https:\/\/rma.legal\/fr\/#organization\",\"name\":\"Avocats du RMA\",\"url\":\"https:\/\/rma.legal\/fr\/\",\"logo\":{\"@type\":\"ImageObject\",\"inLanguage\":\"fr-FR\",\"@id\":\"https:\/\/rma.legal\/fr\/#\/schema\/logo\/image\/\",\"url\":\"https:\/\/rma.legal\/wp-content\/uploads\/2025\/02\/Logo-rma-legal-invertido-footer-c-1.png\",\"contentUrl\":\"https:\/\/rma.legal\/wp-content\/uploads\/2025\/02\/Logo-rma-legal-invertido-footer-c-1.png\",\"width\":300,\"height\":125,\"caption\":\"Avocats du RMA\"},\"image\":{\"@id\":\"https:\/\/rma.legal\/fr\/#\/schema\/logo\/image\/\"}}]}<\/script>\n<!-- \/ Yoast SEO plugin. -->","yoast_head_json":{"title":"Notre cabinet : RMA Abogados","description":"D\u00e9couvrez la philosophie et la trajectoire de RMA Legal, un cabinet d'avocats de Barcelone sp\u00e9cialis\u00e9 dans le conseil aux entreprises avec une approche pratique, strat\u00e9gique et multidisciplinaire.","robots":{"index":"index","follow":"follow","max-snippet":"max-snippet:-1","max-image-preview":"max-image-preview:large","max-video-preview":"max-video-preview:-1"},"canonical":"https:\/\/rma.legal\/fr\/le-bureau\/","og_locale":"fr_FR","og_type":"article","og_title":"Notre cabinet : RMA Abogados","og_description":"D\u00e9couvrez la philosophie et la trajectoire de RMA Legal, un cabinet d'avocats de Barcelone sp\u00e9cialis\u00e9 dans le conseil aux entreprises avec une approche pratique, strat\u00e9gique et multidisciplinaire.","og_url":"https:\/\/rma.legal\/fr\/le-bureau\/","og_site_name":"Avocats du RMA","article_modified_time":"2025-11-07T10:22:05+00:00","twitter_card":"summary_large_image","twitter_misc":{"Dur\u00e9e de lecture estim\u00e9e":"2 minutes"},"schema":{"@context":"https:\/\/schema.org","@graph":[{"@type":"WebPage","@id":"https:\/\/rma.legal\/fr\/le-bureau\/","url":"https:\/\/rma.legal\/fr\/le-bureau\/","name":"Notre cabinet : RMA Abogados","isPartOf":{"@id":"https:\/\/rma.legal\/fr\/#website"},"datePublished":"2025-02-26T16:45:37+00:00","dateModified":"2025-11-07T10:22:05+00:00","description":"D\u00e9couvrez la philosophie et la trajectoire de RMA Legal, un cabinet d'avocats de Barcelone sp\u00e9cialis\u00e9 dans le conseil aux entreprises avec une approche pratique, strat\u00e9gique et multidisciplinaire.","breadcrumb":{"@id":"https:\/\/rma.legal\/fr\/le-bureau\/#breadcrumb"},"inLanguage":"fr-FR","potentialAction":[{"@type":"ReadAction","target":["https:\/\/rma.legal\/fr\/le-bureau\/"]}]},{"@type":"BreadcrumbList","@id":"https:\/\/rma.legal\/fr\/le-bureau\/#breadcrumb","itemListElement":[{"@type":"ListItem","position":1,"name":"Portada","item":"https:\/\/rma.legal\/fr\/"},{"@type":"ListItem","position":2,"name":"Le Cabinet"}]},{"@type":"WebSite","@id":"https:\/\/rma.legal\/fr\/#website","url":"https:\/\/rma.legal\/fr\/","name":"Avocats du RMA","description":"RMA Legal Abogados","publisher":{"@id":"https:\/\/rma.legal\/fr\/#organization"},"potentialAction":[{"@type":"SearchAction","target":{"@type":"EntryPoint","urlTemplate":"https:\/\/rma.legal\/fr\/?s={search_term_string}"},"query-input":{"@type":"PropertyValueSpecification","valueRequired":true,"valueName":"search_term_string"}}],"inLanguage":"fr-FR"},{"@type":"Organization","@id":"https:\/\/rma.legal\/fr\/#organization","name":"Avocats du RMA","url":"https:\/\/rma.legal\/fr\/","logo":{"@type":"ImageObject","inLanguage":"fr-FR","@id":"https:\/\/rma.legal\/fr\/#\/schema\/logo\/image\/","url":"https:\/\/rma.legal\/wp-content\/uploads\/2025\/02\/Logo-rma-legal-invertido-footer-c-1.png","contentUrl":"https:\/\/rma.legal\/wp-content\/uploads\/2025\/02\/Logo-rma-legal-invertido-footer-c-1.png","width":300,"height":125,"caption":"Avocats du RMA"},"image":{"@id":"https:\/\/rma.legal\/fr\/#\/schema\/logo\/image\/"}}]}},"_links":{"self":[{"href":"https:\/\/rma.legal\/fr\/wp-json\/wp\/v2\/pages\/31651","targetHints":{"allow":["GET"]}}],"collection":[{"href":"https:\/\/rma.legal\/fr\/wp-json\/wp\/v2\/pages"}],"about":[{"href":"https:\/\/rma.legal\/fr\/wp-json\/wp\/v2\/types\/page"}],"author":[{"embeddable":true,"href":"https:\/\/rma.legal\/fr\/wp-json\/wp\/v2\/users\/2"}],"replies":[{"embeddable":true,"href":"https:\/\/rma.legal\/fr\/wp-json\/wp\/v2\/comments?post=31651"}],"version-history":[{"count":8,"href":"https:\/\/rma.legal\/fr\/wp-json\/wp\/v2\/pages\/31651\/revisions"}],"predecessor-version":[{"id":32329,"href":"https:\/\/rma.legal\/fr\/wp-json\/wp\/v2\/pages\/31651\/revisions\/32329"}],"wp:attachment":[{"href":"https:\/\/rma.legal\/fr\/wp-json\/wp\/v2\/media?parent=31651"}],"curies":[{"name":"wp","href":"https:\/\/api.w.org\/{rel}","templated":true}]}}