{"id":31452,"date":"2025-04-15T09:57:20","date_gmt":"2025-04-15T09:57:20","guid":{"rendered":"http:\/\/rma.legal\/joaquin-angoloti\/"},"modified":"2025-09-16T07:53:24","modified_gmt":"2025-09-16T07:53:24","slug":"joaquin-angoloti","status":"publish","type":"page","link":"https:\/\/rma.legal\/fr\/lequipe\/joaquin-angoloti\/","title":{"rendered":"Joaqu\u00edn Angoloti"},"content":{"rendered":"\t\t<div data-elementor-type=\"wp-page\" data-elementor-id=\"31452\" class=\"elementor elementor-31452 elementor-30387\" data-elementor-post-type=\"page\">\n\t\t\t\t<div class=\"elementor-element elementor-element-55362789 e-flex e-con-boxed e-con e-parent\" data-id=\"55362789\" data-element_type=\"container\" data-settings=\"{&quot;background_background&quot;:&quot;classic&quot;}\">\n\t\t\t\t\t<div class=\"e-con-inner\">\n\t\t\t\t<div class=\"elementor-element elementor-element-7ef4d2b elementor-widget-divider--view-line elementor-widget elementor-widget-divider\" data-id=\"7ef4d2b\" data-element_type=\"widget\" data-widget_type=\"divider.default\">\n\t\t\t\t<div class=\"elementor-widget-container\">\n\t\t\t\t\t\t\t<div class=\"elementor-divider\">\n\t\t\t<span class=\"elementor-divider-separator\">\n\t\t\t\t\t\t<\/span>\n\t\t<\/div>\n\t\t\t\t\t\t<\/div>\n\t\t\t\t<\/div>\n\t\t\t\t\t<\/div>\n\t\t\t\t<\/div>\n\t\t<div class=\"elementor-element elementor-element-176ba9ff e-flex e-con-boxed e-con e-parent\" data-id=\"176ba9ff\" data-element_type=\"container\">\n\t\t\t\t\t<div class=\"e-con-inner\">\n\t\t<div class=\"elementor-element elementor-element-152abfcc e-con-full e-flex e-con e-child\" data-id=\"152abfcc\" data-element_type=\"container\">\n\t\t\t\t<div class=\"elementor-element elementor-element-a351cc7 elementor-widget elementor-widget-text-editor\" data-id=\"a351cc7\" data-element_type=\"widget\" data-widget_type=\"text-editor.default\">\n\t\t\t\t<div class=\"elementor-widget-container\">\n\t\t\t\t\t\t\t\t\t<p>Joaqu\u00edn parle espagnol, anglais et fran\u00e7ais.<\/p><p>Il est titulaire d&rsquo;un dipl\u00f4me d&rsquo;ing\u00e9nieur minier de l&rsquo;Universit\u00e9 polytechnique de Madrid et de l&rsquo;\u00c9cole des mines de Paris et est agent de propri\u00e9t\u00e9 industrielle.<\/p><p>Il a suivi le cours de droit europ\u00e9en des brevets \u00e0 l&rsquo;\u00c9cole d&rsquo;organisation industrielle (EOI).<\/p><p>Il est examinateur principal de brevets au SPTO, en cong\u00e9, o\u00f9 il est rest\u00e9 plus de sept ans et a trait\u00e9 des demandes nationales et PCT.  <\/p><p>Il a donn\u00e9 des conf\u00e9rences sur la propri\u00e9t\u00e9 industrielle, tant pour le compte de la SPTO que dans le cadre de son activit\u00e9 priv\u00e9e.<\/p><p>Il a \u00e9t\u00e9 pr\u00e9sident de l&rsquo;ATISOA, l&rsquo;association professionnelle des fonctionnaires A1 de la SPTO.<\/p><p>Il participe actuellement \u00e0 la pr\u00e9paration de demandes de brevet nationales et internationales, d&rsquo;\u00e9tudes de brevetabilit\u00e9 et de rapports d&rsquo;experts.<\/p>\t\t\t\t\t\t\t\t<\/div>\n\t\t\t\t<\/div>\n\t\t\t\t<\/div>\n\t\t<div class=\"elementor-element elementor-element-60b4681d e-con-full e-flex e-con e-child\" data-id=\"60b4681d\" data-element_type=\"container\" data-settings=\"{&quot;sticky&quot;:&quot;top&quot;,&quot;sticky_on&quot;:[&quot;widescreen&quot;,&quot;desktop&quot;,&quot;laptop&quot;,&quot;tablet_extra&quot;,&quot;tablet&quot;,&quot;mobile_extra&quot;],&quot;sticky_parent&quot;:&quot;yes&quot;,&quot;sticky_offset&quot;:0,&quot;sticky_effects_offset&quot;:0,&quot;sticky_anchor_link_offset&quot;:0}\">\n\t\t\t\t<div class=\"elementor-element elementor-element-f701d56 elementor-widget__width-initial elementor-widget-tablet__width-initial elementor-widget elementor-widget-image\" data-id=\"f701d56\" data-element_type=\"widget\" data-widget_type=\"image.default\">\n\t\t\t\t<div class=\"elementor-widget-container\">\n\t\t\t\t\t\t\t\t\t\t\t\t\t\t\t<img fetchpriority=\"high\" decoding=\"async\" width=\"500\" height=\"500\" src=\"https:\/\/rma.legal\/wp-content\/uploads\/2025\/03\/foto-perfil-joaquin.webp\" class=\"attachment-large size-large wp-image-31280\" alt=\"foto-perfil-joaquin\" srcset=\"https:\/\/rma.legal\/wp-content\/uploads\/2025\/03\/foto-perfil-joaquin.webp 500w, https:\/\/rma.legal\/wp-content\/uploads\/2025\/03\/foto-perfil-joaquin-300x300.webp 300w, https:\/\/rma.legal\/wp-content\/uploads\/2025\/03\/foto-perfil-joaquin-150x150.webp 150w\" sizes=\"(max-width: 500px) 100vw, 500px\" \/>\t\t\t\t\t\t\t\t\t\t\t\t\t\t\t<\/div>\n\t\t\t\t<\/div>\n\t\t\t\t<div class=\"elementor-element elementor-element-46aba69 elementor-widget-tablet__width-initial elementor-widget elementor-widget-heading\" data-id=\"46aba69\" data-element_type=\"widget\" data-widget_type=\"heading.default\">\n\t\t\t\t<div class=\"elementor-widget-container\">\n\t\t\t\t\t<h2 class=\"elementor-heading-title elementor-size-default\">ING\u00c9NIEUR | CONSEIL<\/h2>\t\t\t\t<\/div>\n\t\t\t\t<\/div>\n\t\t\t\t<div class=\"elementor-element elementor-element-5da5906 elementor-icon-list--layout-inline elementor-align-left elementor-mobile-align-center elementor-list-item-link-full_width elementor-widget elementor-widget-icon-list\" data-id=\"5da5906\" data-element_type=\"widget\" data-widget_type=\"icon-list.default\">\n\t\t\t\t<div class=\"elementor-widget-container\">\n\t\t\t\t\t\t\t<ul class=\"elementor-icon-list-items elementor-inline-items\">\n\t\t\t\t\t\t\t<li class=\"elementor-icon-list-item elementor-inline-item\">\n\t\t\t\t\t\t\t\t\t\t\t<a href=\"mailto:jangoloti@rma.legal\" target=\"_blank\" rel=\"nofollow\" aria-label=\"\">\n\n\t\t\t\t\t\t\t\t\t\t\t\t<span class=\"elementor-icon-list-icon\">\n\t\t\t\t\t\t\t<svg aria-hidden=\"true\" class=\"e-font-icon-svg e-far-envelope\" viewBox=\"0 0 512 512\" xmlns=\"http:\/\/www.w3.org\/2000\/svg\"><path d=\"M464 64H48C21.49 64 0 85.49 0 112v288c0 26.51 21.49 48 48 48h416c26.51 0 48-21.49 48-48V112c0-26.51-21.49-48-48-48zm0 48v40.805c-22.422 18.259-58.168 46.651-134.587 106.49-16.841 13.247-50.201 45.072-73.413 44.701-23.208.375-56.579-31.459-73.413-44.701C106.18 199.465 70.425 171.067 48 152.805V112h416zM48 400V214.398c22.914 18.251 55.409 43.862 104.938 82.646 21.857 17.205 60.134 55.186 103.062 54.955 42.717.231 80.509-37.199 103.053-54.947 49.528-38.783 82.032-64.401 104.947-82.653V400H48z\"><\/path><\/svg>\t\t\t\t\t\t<\/span>\n\t\t\t\t\t\t\t\t\t\t<span class=\"elementor-icon-list-text\"><\/span>\n\t\t\t\t\t\t\t\t\t\t\t<\/a>\n\t\t\t\t\t\t\t\t\t<\/li>\n\t\t\t\t\t\t<\/ul>\n\t\t\t\t\t\t<\/div>\n\t\t\t\t<\/div>\n\t\t\t\t<\/div>\n\t\t\t\t\t<\/div>\n\t\t\t\t<\/div>\n\t\t\t\t<\/div>\n\t\t","protected":false},"excerpt":{"rendered":"<p>Joaqu\u00edn parle espagnol, anglais et fran\u00e7ais. Il est titulaire d&rsquo;un dipl\u00f4me d&rsquo;ing\u00e9nieur minier de l&rsquo;Universit\u00e9 polytechnique de Madrid et de l&rsquo;\u00c9cole des mines de Paris et est agent de propri\u00e9t\u00e9 industrielle. Il a suivi le cours de droit europ\u00e9en des brevets \u00e0 l&rsquo;\u00c9cole d&rsquo;organisation industrielle (EOI). Il est examinateur principal de brevets au SPTO, en [&hellip;]<\/p>\n","protected":false},"author":2,"featured_media":0,"parent":31541,"menu_order":0,"comment_status":"closed","ping_status":"closed","template":"","meta":{"footnotes":""},"class_list":["post-31452","page","type-page","status-publish","hentry"],"yoast_head":"<!-- This site is optimized with the Yoast SEO plugin v25.9 - https:\/\/yoast.com\/wordpress\/plugins\/seo\/ -->\n<title>Joaqu\u00edn Angoloti - Avocats du RMA<\/title>\n<meta name=\"robots\" content=\"index, follow, max-snippet:-1, max-image-preview:large, max-video-preview:-1\" \/>\n<link rel=\"canonical\" href=\"https:\/\/rma.legal\/fr\/lequipe\/joaquin-angoloti\/\" \/>\n<meta property=\"og:locale\" content=\"fr_FR\" \/>\n<meta property=\"og:type\" content=\"article\" \/>\n<meta property=\"og:title\" content=\"Joaqu\u00edn Angoloti - Avocats du RMA\" \/>\n<meta property=\"og:description\" content=\"Joaqu\u00edn parle espagnol, anglais et fran\u00e7ais. Il est titulaire d&rsquo;un dipl\u00f4me d&rsquo;ing\u00e9nieur minier de l&rsquo;Universit\u00e9 polytechnique de Madrid et de l&rsquo;\u00c9cole des mines de Paris et est agent de propri\u00e9t\u00e9 industrielle. Il a suivi le cours de droit europ\u00e9en des brevets \u00e0 l&rsquo;\u00c9cole d&rsquo;organisation industrielle (EOI). Il est examinateur principal de brevets au SPTO, en [&hellip;]\" \/>\n<meta property=\"og:url\" content=\"https:\/\/rma.legal\/fr\/lequipe\/joaquin-angoloti\/\" \/>\n<meta property=\"og:site_name\" content=\"Avocats du RMA\" \/>\n<meta property=\"article:modified_time\" content=\"2025-09-16T07:53:24+00:00\" \/>\n<meta property=\"og:image\" content=\"https:\/\/rma.legal\/wp-content\/uploads\/2025\/03\/foto-perfil-joaquin.webp\" \/>\n\t<meta property=\"og:image:width\" content=\"500\" \/>\n\t<meta property=\"og:image:height\" content=\"500\" \/>\n\t<meta property=\"og:image:type\" content=\"image\/webp\" \/>\n<meta name=\"twitter:card\" content=\"summary_large_image\" \/>\n<meta name=\"twitter:label1\" content=\"Dur\u00e9e de lecture estim\u00e9e\" \/>\n\t<meta name=\"twitter:data1\" content=\"1 minute\" \/>\n<script type=\"application\/ld+json\" class=\"yoast-schema-graph\">{\"@context\":\"https:\/\/schema.org\",\"@graph\":[{\"@type\":\"WebPage\",\"@id\":\"https:\/\/rma.legal\/fr\/lequipe\/joaquin-angoloti\/\",\"url\":\"https:\/\/rma.legal\/fr\/lequipe\/joaquin-angoloti\/\",\"name\":\"Joaqu\u00edn Angoloti - Avocats du RMA\",\"isPartOf\":{\"@id\":\"https:\/\/rma.legal\/fr\/#website\"},\"primaryImageOfPage\":{\"@id\":\"https:\/\/rma.legal\/fr\/lequipe\/joaquin-angoloti\/#primaryimage\"},\"image\":{\"@id\":\"https:\/\/rma.legal\/fr\/lequipe\/joaquin-angoloti\/#primaryimage\"},\"thumbnailUrl\":\"https:\/\/rma.legal\/wp-content\/uploads\/2025\/03\/foto-perfil-joaquin.webp\",\"datePublished\":\"2025-04-15T09:57:20+00:00\",\"dateModified\":\"2025-09-16T07:53:24+00:00\",\"breadcrumb\":{\"@id\":\"https:\/\/rma.legal\/fr\/lequipe\/joaquin-angoloti\/#breadcrumb\"},\"inLanguage\":\"fr-FR\",\"potentialAction\":[{\"@type\":\"ReadAction\",\"target\":[\"https:\/\/rma.legal\/fr\/lequipe\/joaquin-angoloti\/\"]}]},{\"@type\":\"ImageObject\",\"inLanguage\":\"fr-FR\",\"@id\":\"https:\/\/rma.legal\/fr\/lequipe\/joaquin-angoloti\/#primaryimage\",\"url\":\"https:\/\/rma.legal\/wp-content\/uploads\/2025\/03\/foto-perfil-joaquin.webp\",\"contentUrl\":\"https:\/\/rma.legal\/wp-content\/uploads\/2025\/03\/foto-perfil-joaquin.webp\"},{\"@type\":\"BreadcrumbList\",\"@id\":\"https:\/\/rma.legal\/fr\/lequipe\/joaquin-angoloti\/#breadcrumb\",\"itemListElement\":[{\"@type\":\"ListItem\",\"position\":1,\"name\":\"Portada\",\"item\":\"https:\/\/rma.legal\/fr\/\"},{\"@type\":\"ListItem\",\"position\":2,\"name\":\"L&#8217;\u00e9quipe\",\"item\":\"https:\/\/rma.legal\/fr\/team\/\"},{\"@type\":\"ListItem\",\"position\":3,\"name\":\"Joaqu\u00edn Angoloti\"}]},{\"@type\":\"WebSite\",\"@id\":\"https:\/\/rma.legal\/fr\/#website\",\"url\":\"https:\/\/rma.legal\/fr\/\",\"name\":\"Avocats du RMA\",\"description\":\"RMA Legal Abogados\",\"publisher\":{\"@id\":\"https:\/\/rma.legal\/fr\/#organization\"},\"potentialAction\":[{\"@type\":\"SearchAction\",\"target\":{\"@type\":\"EntryPoint\",\"urlTemplate\":\"https:\/\/rma.legal\/fr\/?s={search_term_string}\"},\"query-input\":{\"@type\":\"PropertyValueSpecification\",\"valueRequired\":true,\"valueName\":\"search_term_string\"}}],\"inLanguage\":\"fr-FR\"},{\"@type\":\"Organization\",\"@id\":\"https:\/\/rma.legal\/fr\/#organization\",\"name\":\"Avocats du RMA\",\"url\":\"https:\/\/rma.legal\/fr\/\",\"logo\":{\"@type\":\"ImageObject\",\"inLanguage\":\"fr-FR\",\"@id\":\"https:\/\/rma.legal\/fr\/#\/schema\/logo\/image\/\",\"url\":\"https:\/\/rma.legal\/wp-content\/uploads\/2025\/02\/Logo-rma-legal-invertido-footer-c-1.png\",\"contentUrl\":\"https:\/\/rma.legal\/wp-content\/uploads\/2025\/02\/Logo-rma-legal-invertido-footer-c-1.png\",\"width\":300,\"height\":125,\"caption\":\"Avocats du RMA\"},\"image\":{\"@id\":\"https:\/\/rma.legal\/fr\/#\/schema\/logo\/image\/\"}}]}<\/script>\n<!-- \/ Yoast SEO plugin. -->","yoast_head_json":{"title":"Joaqu\u00edn Angoloti - Avocats du RMA","robots":{"index":"index","follow":"follow","max-snippet":"max-snippet:-1","max-image-preview":"max-image-preview:large","max-video-preview":"max-video-preview:-1"},"canonical":"https:\/\/rma.legal\/fr\/lequipe\/joaquin-angoloti\/","og_locale":"fr_FR","og_type":"article","og_title":"Joaqu\u00edn Angoloti - Avocats du RMA","og_description":"Joaqu\u00edn parle espagnol, anglais et fran\u00e7ais. Il est titulaire d&rsquo;un dipl\u00f4me d&rsquo;ing\u00e9nieur minier de l&rsquo;Universit\u00e9 polytechnique de Madrid et de l&rsquo;\u00c9cole des mines de Paris et est agent de propri\u00e9t\u00e9 industrielle. Il a suivi le cours de droit europ\u00e9en des brevets \u00e0 l&rsquo;\u00c9cole d&rsquo;organisation industrielle (EOI). Il est examinateur principal de brevets au SPTO, en [&hellip;]","og_url":"https:\/\/rma.legal\/fr\/lequipe\/joaquin-angoloti\/","og_site_name":"Avocats du RMA","article_modified_time":"2025-09-16T07:53:24+00:00","og_image":[{"width":500,"height":500,"url":"https:\/\/rma.legal\/wp-content\/uploads\/2025\/03\/foto-perfil-joaquin.webp","type":"image\/webp"}],"twitter_card":"summary_large_image","twitter_misc":{"Dur\u00e9e de lecture estim\u00e9e":"1 minute"},"schema":{"@context":"https:\/\/schema.org","@graph":[{"@type":"WebPage","@id":"https:\/\/rma.legal\/fr\/lequipe\/joaquin-angoloti\/","url":"https:\/\/rma.legal\/fr\/lequipe\/joaquin-angoloti\/","name":"Joaqu\u00edn Angoloti - Avocats du RMA","isPartOf":{"@id":"https:\/\/rma.legal\/fr\/#website"},"primaryImageOfPage":{"@id":"https:\/\/rma.legal\/fr\/lequipe\/joaquin-angoloti\/#primaryimage"},"image":{"@id":"https:\/\/rma.legal\/fr\/lequipe\/joaquin-angoloti\/#primaryimage"},"thumbnailUrl":"https:\/\/rma.legal\/wp-content\/uploads\/2025\/03\/foto-perfil-joaquin.webp","datePublished":"2025-04-15T09:57:20+00:00","dateModified":"2025-09-16T07:53:24+00:00","breadcrumb":{"@id":"https:\/\/rma.legal\/fr\/lequipe\/joaquin-angoloti\/#breadcrumb"},"inLanguage":"fr-FR","potentialAction":[{"@type":"ReadAction","target":["https:\/\/rma.legal\/fr\/lequipe\/joaquin-angoloti\/"]}]},{"@type":"ImageObject","inLanguage":"fr-FR","@id":"https:\/\/rma.legal\/fr\/lequipe\/joaquin-angoloti\/#primaryimage","url":"https:\/\/rma.legal\/wp-content\/uploads\/2025\/03\/foto-perfil-joaquin.webp","contentUrl":"https:\/\/rma.legal\/wp-content\/uploads\/2025\/03\/foto-perfil-joaquin.webp"},{"@type":"BreadcrumbList","@id":"https:\/\/rma.legal\/fr\/lequipe\/joaquin-angoloti\/#breadcrumb","itemListElement":[{"@type":"ListItem","position":1,"name":"Portada","item":"https:\/\/rma.legal\/fr\/"},{"@type":"ListItem","position":2,"name":"L&#8217;\u00e9quipe","item":"https:\/\/rma.legal\/fr\/team\/"},{"@type":"ListItem","position":3,"name":"Joaqu\u00edn Angoloti"}]},{"@type":"WebSite","@id":"https:\/\/rma.legal\/fr\/#website","url":"https:\/\/rma.legal\/fr\/","name":"Avocats du RMA","description":"RMA Legal Abogados","publisher":{"@id":"https:\/\/rma.legal\/fr\/#organization"},"potentialAction":[{"@type":"SearchAction","target":{"@type":"EntryPoint","urlTemplate":"https:\/\/rma.legal\/fr\/?s={search_term_string}"},"query-input":{"@type":"PropertyValueSpecification","valueRequired":true,"valueName":"search_term_string"}}],"inLanguage":"fr-FR"},{"@type":"Organization","@id":"https:\/\/rma.legal\/fr\/#organization","name":"Avocats du RMA","url":"https:\/\/rma.legal\/fr\/","logo":{"@type":"ImageObject","inLanguage":"fr-FR","@id":"https:\/\/rma.legal\/fr\/#\/schema\/logo\/image\/","url":"https:\/\/rma.legal\/wp-content\/uploads\/2025\/02\/Logo-rma-legal-invertido-footer-c-1.png","contentUrl":"https:\/\/rma.legal\/wp-content\/uploads\/2025\/02\/Logo-rma-legal-invertido-footer-c-1.png","width":300,"height":125,"caption":"Avocats du RMA"},"image":{"@id":"https:\/\/rma.legal\/fr\/#\/schema\/logo\/image\/"}}]}},"_links":{"self":[{"href":"https:\/\/rma.legal\/fr\/wp-json\/wp\/v2\/pages\/31452","targetHints":{"allow":["GET"]}}],"collection":[{"href":"https:\/\/rma.legal\/fr\/wp-json\/wp\/v2\/pages"}],"about":[{"href":"https:\/\/rma.legal\/fr\/wp-json\/wp\/v2\/types\/page"}],"author":[{"embeddable":true,"href":"https:\/\/rma.legal\/fr\/wp-json\/wp\/v2\/users\/2"}],"replies":[{"embeddable":true,"href":"https:\/\/rma.legal\/fr\/wp-json\/wp\/v2\/comments?post=31452"}],"version-history":[{"count":3,"href":"https:\/\/rma.legal\/fr\/wp-json\/wp\/v2\/pages\/31452\/revisions"}],"predecessor-version":[{"id":32187,"href":"https:\/\/rma.legal\/fr\/wp-json\/wp\/v2\/pages\/31452\/revisions\/32187"}],"up":[{"embeddable":true,"href":"https:\/\/rma.legal\/fr\/wp-json\/wp\/v2\/pages\/31541"}],"wp:attachment":[{"href":"https:\/\/rma.legal\/fr\/wp-json\/wp\/v2\/media?parent=31452"}],"curies":[{"name":"wp","href":"https:\/\/api.w.org\/{rel}","templated":true}]}}