{"id":31647,"date":"2025-02-26T16:45:37","date_gmt":"2025-02-26T16:45:37","guid":{"rendered":"http:\/\/rma.legal\/el-despatx\/"},"modified":"2025-11-07T10:22:04","modified_gmt":"2025-11-07T10:22:04","slug":"el-despatx","status":"publish","type":"page","link":"https:\/\/rma.legal\/ca\/el-despatx\/","title":{"rendered":"El despatx"},"content":{"rendered":"\t\t<div data-elementor-type=\"wp-page\" data-elementor-id=\"31647\" class=\"elementor elementor-31647 elementor-27405\" data-elementor-post-type=\"page\">\n\t\t\t\t<div class=\"elementor-element elementor-element-382ca2d e-flex e-con-boxed e-con e-parent\" data-id=\"382ca2d\" data-element_type=\"container\" data-settings=\"{&quot;background_background&quot;:&quot;classic&quot;}\">\n\t\t\t\t\t<div class=\"e-con-inner\">\n\t\t\t\t<div class=\"elementor-element elementor-element-d7ed256 elementor-widget-divider--view-line elementor-widget elementor-widget-divider\" data-id=\"d7ed256\" data-element_type=\"widget\" data-widget_type=\"divider.default\">\n\t\t\t\t<div class=\"elementor-widget-container\">\n\t\t\t\t\t\t\t<div class=\"elementor-divider\">\n\t\t\t<span class=\"elementor-divider-separator\">\n\t\t\t\t\t\t<\/span>\n\t\t<\/div>\n\t\t\t\t\t\t<\/div>\n\t\t\t\t<\/div>\n\t\t\t\t<div class=\"elementor-element elementor-element-b0e9ba7 elementor-widget__width-initial elementor-widget elementor-widget-text-editor\" data-id=\"b0e9ba7\" data-element_type=\"widget\" data-widget_type=\"text-editor.default\">\n\t\t\t\t<div class=\"elementor-widget-container\">\n\t\t\t\t\t\t\t\t\t<p>La nostra missi\u00f3: La defensa i satisfacci\u00f3 del client, que en l&#8217;\u00e0mbit de la propietat industrial i intel\u00b7lectual \u00e9s tant optimitzar i protegir els seus drets com tamb\u00e9 defensar-lo davant de possibles accions de tercers.<\/p>\t\t\t\t\t\t\t\t<\/div>\n\t\t\t\t<\/div>\n\t\t\t\t\t<\/div>\n\t\t\t\t<\/div>\n\t\t<div class=\"elementor-element elementor-element-b478593 e-flex e-con-boxed e-con e-parent\" data-id=\"b478593\" data-element_type=\"container\" data-settings=\"{&quot;background_background&quot;:&quot;gradient&quot;}\">\n\t\t\t\t\t<div class=\"e-con-inner\">\n\t\t<div class=\"elementor-element elementor-element-fcf32a3 e-flex e-con-boxed e-con e-child\" data-id=\"fcf32a3\" data-element_type=\"container\">\n\t\t\t\t\t<div class=\"e-con-inner\">\n\t\t\t\t<div class=\"elementor-element elementor-element-05e7792 elementor-widget elementor-widget-heading\" data-id=\"05e7792\" data-element_type=\"widget\" data-widget_type=\"heading.default\">\n\t\t\t\t<div class=\"elementor-widget-container\">\n\t\t\t\t\t<h2 class=\"elementor-heading-title elementor-size-default\">Volem ajudar-te<\/h2>\t\t\t\t<\/div>\n\t\t\t\t<\/div>\n\t\t\t\t<div class=\"elementor-element elementor-element-1ecc51c elementor-widget elementor-widget-heading\" data-id=\"1ecc51c\" data-element_type=\"widget\" data-widget_type=\"heading.default\">\n\t\t\t\t<div class=\"elementor-widget-container\">\n\t\t\t\t\t<h3 class=\"elementor-heading-title elementor-size-default\">La propietat industrial t\u00e9 l\u00edmits. No nom\u00e9s protegeix els titulars de drets.\n Tamb\u00e9 es pot lluitar contra els abusos <\/h3>\t\t\t\t<\/div>\n\t\t\t\t<\/div>\n\t\t\t\t<div class=\"elementor-element elementor-element-9bb9050 elementor-widget elementor-widget-text-editor\" data-id=\"9bb9050\" data-element_type=\"widget\" data-widget_type=\"text-editor.default\">\n\t\t\t\t<div class=\"elementor-widget-container\">\n\t\t\t\t\t\t\t\t\t<p>Ajudem els nostres clients a con\u00e8ixer els seus drets, a protegir-los de la manera m\u00e9s racional i adequada, i els proporcionem les eines per a una \u00f2ptima valoritzaci\u00f3. <\/p><p>Per\u00f2 la propietat industrial tamb\u00e9 t\u00e9 l\u00edmits i \u00e9s important con\u00e8ixer-los. Tenim experi\u00e8ncia en la defensa davant d&#8217;accions judicials de titulars de drets i actuacions abusives. Estigui del costat que estigui, ha de con\u00e8ixer els seus drets i el que pot o no pot fer. Nosaltres us podem ajudar.   <\/p>\t\t\t\t\t\t\t\t<\/div>\n\t\t\t\t<\/div>\n\t\t\t\t\t<\/div>\n\t\t\t\t<\/div>\n\t\t\t\t\t<\/div>\n\t\t\t\t<\/div>\n\t\t<div class=\"elementor-element elementor-element-7ff9071 e-flex e-con-boxed e-con e-parent\" data-id=\"7ff9071\" data-element_type=\"container\">\n\t\t\t\t\t<div class=\"e-con-inner\">\n\t\t\t\t<div class=\"elementor-element elementor-element-328df00 elementor-widget elementor-widget-heading\" data-id=\"328df00\" data-element_type=\"widget\" data-widget_type=\"heading.default\">\n\t\t\t\t<div class=\"elementor-widget-container\">\n\t\t\t\t\t<h2 class=\"elementor-heading-title elementor-size-default\">Per qu\u00e8 som diferents?<\/h2>\t\t\t\t<\/div>\n\t\t\t\t<\/div>\n\t\t\t\t<div class=\"elementor-element elementor-element-3504e00 elementor-widget__width-initial elementor-widget elementor-widget-heading\" data-id=\"3504e00\" data-element_type=\"widget\" data-widget_type=\"heading.default\">\n\t\t\t\t<div class=\"elementor-widget-container\">\n\t\t\t\t\t<h3 class=\"elementor-heading-title elementor-size-default\">Tracte personal, agilitat i honestedat ens defineixen. La satisfacci\u00f3 plena de l'inter\u00e8s del client \u00e9s el nostre objectiu. <\/h3>\t\t\t\t<\/div>\n\t\t\t\t<\/div>\n\t\t\t\t\t<\/div>\n\t\t\t\t<\/div>\n\t\t\t\t<section class=\"elementor-section elementor-top-section elementor-element elementor-element-a65356c elementor-section-boxed elementor-section-height-default elementor-section-height-default\" data-id=\"a65356c\" data-element_type=\"section\">\n\t\t\t\t\t\t<div class=\"elementor-container elementor-column-gap-default\">\n\t\t\t\t\t<div class=\"elementor-column elementor-col-100 elementor-top-column elementor-element elementor-element-f877082\" data-id=\"f877082\" data-element_type=\"column\">\n\t\t\t<div class=\"elementor-widget-wrap elementor-element-populated\">\n\t\t\t\t<div class=\"elementor-element elementor-element-69ffc96 e-con-full e-flex e-con e-parent\" data-id=\"69ffc96\" data-element_type=\"container\">\n\t\t<div class=\"elementor-element elementor-element-f3f328b e-con-full e-flex elementor-invisible e-con e-child\" data-id=\"f3f328b\" data-element_type=\"container\" data-settings=\"{&quot;animation&quot;:&quot;fadeInLeft&quot;,&quot;animation_delay&quot;:&quot;100&quot;,&quot;background_background&quot;:&quot;classic&quot;}\">\n\t\t\t\t<div class=\"elementor-element elementor-element-3c83574 elementor-widget-tablet__width-inherit elementor-widget elementor-widget-image-box\" data-id=\"3c83574\" data-element_type=\"widget\" data-widget_type=\"image-box.default\">\n\t\t\t\t<div class=\"elementor-widget-container\">\n\t\t\t\t\t<div class=\"elementor-image-box-wrapper\"><div class=\"elementor-image-box-content\"><h3 class=\"elementor-image-box-title\">Comprom\u00eds Legal<\/h3><p class=\"elementor-image-box-description\">Som un despatx\/boutique legal on els seus advocats, tots especialistes i apassionats de la mat\u00e8ria, ens impliquem personalment en la direcci\u00f3 dels assumptes que ens encomanen.<\/p><\/div><\/div>\t\t\t\t<\/div>\n\t\t\t\t<\/div>\n\t\t\t\t<\/div>\n\t\t<div class=\"elementor-element elementor-element-60fa815 elementor-hidden-phone e-con-full e-flex elementor-invisible e-con e-child\" data-id=\"60fa815\" data-element_type=\"container\" data-settings=\"{&quot;animation&quot;:&quot;fadeInLeft&quot;,&quot;animation_delay&quot;:&quot;200&quot;}\">\n\t\t\t\t<div class=\"elementor-element elementor-element-d00b471 elementor-view-default elementor-widget elementor-widget-icon\" data-id=\"d00b471\" data-element_type=\"widget\" data-widget_type=\"icon.default\">\n\t\t\t\t<div class=\"elementor-widget-container\">\n\t\t\t\t\t\t\t<div class=\"elementor-icon-wrapper\">\n\t\t\t<div class=\"elementor-icon\">\n\t\t\t<svg aria-hidden=\"true\" class=\"e-font-icon-svg e-fas-chevron-right\" viewBox=\"0 0 320 512\" xmlns=\"http:\/\/www.w3.org\/2000\/svg\"><path d=\"M285.476 272.971L91.132 467.314c-9.373 9.373-24.569 9.373-33.941 0l-22.667-22.667c-9.357-9.357-9.375-24.522-.04-33.901L188.505 256 34.484 101.255c-9.335-9.379-9.317-24.544.04-33.901l22.667-22.667c9.373-9.373 24.569-9.373 33.941 0L285.475 239.03c9.373 9.372 9.373 24.568.001 33.941z\"><\/path><\/svg>\t\t\t<\/div>\n\t\t<\/div>\n\t\t\t\t\t\t<\/div>\n\t\t\t\t<\/div>\n\t\t\t\t<\/div>\n\t\t<div class=\"elementor-element elementor-element-bd964da e-con-full e-flex elementor-invisible e-con e-child\" data-id=\"bd964da\" data-element_type=\"container\" data-settings=\"{&quot;animation&quot;:&quot;fadeInLeft&quot;,&quot;animation_delay&quot;:&quot;100&quot;,&quot;background_background&quot;:&quot;classic&quot;}\">\n\t\t\t\t<div class=\"elementor-element elementor-element-438b268 elementor-widget-tablet__width-inherit elementor-widget elementor-widget-image-box\" data-id=\"438b268\" data-element_type=\"widget\" data-widget_type=\"image-box.default\">\n\t\t\t\t<div class=\"elementor-widget-container\">\n\t\t\t\t\t<div class=\"elementor-image-box-wrapper\"><div class=\"elementor-image-box-content\"><h3 class=\"elementor-image-box-title\">Estrat\u00e8gia Precisa<\/h3><p class=\"elementor-image-box-description\">El coneixement previ de la problem\u00e0tica del sector en qu\u00e8 desenvolupa la seva activitat el nostre client, juntament amb el rigor emprat en l'estrat\u00e8gia m\u00e9s convenient per a cada cas, s\u00f3n les eines imprescindibles per assolir aquell objectiu.<\/p><\/div><\/div>\t\t\t\t<\/div>\n\t\t\t\t<\/div>\n\t\t\t\t<\/div>\n\t\t<div class=\"elementor-element elementor-element-0add69e elementor-hidden-phone e-con-full e-flex elementor-invisible e-con e-child\" data-id=\"0add69e\" data-element_type=\"container\" data-settings=\"{&quot;animation&quot;:&quot;fadeInLeft&quot;,&quot;animation_delay&quot;:&quot;200&quot;}\">\n\t\t\t\t<div class=\"elementor-element elementor-element-b7e433f elementor-view-default elementor-widget elementor-widget-icon\" data-id=\"b7e433f\" data-element_type=\"widget\" data-widget_type=\"icon.default\">\n\t\t\t\t<div class=\"elementor-widget-container\">\n\t\t\t\t\t\t\t<div class=\"elementor-icon-wrapper\">\n\t\t\t<div class=\"elementor-icon\">\n\t\t\t<svg aria-hidden=\"true\" class=\"e-font-icon-svg e-fas-chevron-right\" viewBox=\"0 0 320 512\" xmlns=\"http:\/\/www.w3.org\/2000\/svg\"><path d=\"M285.476 272.971L91.132 467.314c-9.373 9.373-24.569 9.373-33.941 0l-22.667-22.667c-9.357-9.357-9.375-24.522-.04-33.901L188.505 256 34.484 101.255c-9.335-9.379-9.317-24.544.04-33.901l22.667-22.667c9.373-9.373 24.569-9.373 33.941 0L285.475 239.03c9.373 9.372 9.373 24.568.001 33.941z\"><\/path><\/svg>\t\t\t<\/div>\n\t\t<\/div>\n\t\t\t\t\t\t<\/div>\n\t\t\t\t<\/div>\n\t\t\t\t<\/div>\n\t\t<div class=\"elementor-element elementor-element-8f3d175 e-con-full e-flex elementor-invisible e-con e-child\" data-id=\"8f3d175\" data-element_type=\"container\" data-settings=\"{&quot;animation&quot;:&quot;fadeInLeft&quot;,&quot;animation_delay&quot;:&quot;100&quot;,&quot;background_background&quot;:&quot;classic&quot;}\">\n\t\t\t\t<div class=\"elementor-element elementor-element-265d8c7 elementor-widget-tablet__width-inherit elementor-widget elementor-widget-image-box\" data-id=\"265d8c7\" data-element_type=\"widget\" data-widget_type=\"image-box.default\">\n\t\t\t\t<div class=\"elementor-widget-container\">\n\t\t\t\t\t<div class=\"elementor-image-box-wrapper\"><div class=\"elementor-image-box-content\"><h3 class=\"elementor-image-box-title\">Solucions a Mesura<\/h3><p class=\"elementor-image-box-description\">La nostra estructura i filosofia ens permet aix\u00ed mateix ser flexibles amb les realitats dels nostres clients. Al nostre despatx trobareu sempre una f\u00f3rmula adaptada a les vostres necessitats. <\/p><\/div><\/div>\t\t\t\t<\/div>\n\t\t\t\t<\/div>\n\t\t\t\t<\/div>\n\t\t\t\t<\/div>\n\t\t\t\t\t<\/div>\n\t\t<\/div>\n\t\t\t\t\t<\/div>\n\t\t<\/section>\n\t\t<div class=\"elementor-element elementor-element-516afa9 e-flex e-con-boxed e-con e-parent\" data-id=\"516afa9\" data-element_type=\"container\" data-settings=\"{&quot;background_background&quot;:&quot;classic&quot;}\">\n\t\t\t\t\t<div class=\"e-con-inner\">\n\t\t<div class=\"elementor-element elementor-element-dcf0002 e-con-full e-flex e-con e-child\" data-id=\"dcf0002\" data-element_type=\"container\">\n\t\t\t\t<div class=\"elementor-element elementor-element-63c0d80 elementor-align-left elementor-mobile-align-justify elementor-widget elementor-widget-button\" data-id=\"63c0d80\" data-element_type=\"widget\" data-widget_type=\"button.default\">\n\t\t\t\t<div class=\"elementor-widget-container\">\n\t\t\t\t\t\t\t\t\t<div class=\"elementor-button-wrapper\">\n\t\t\t\t\t<a class=\"elementor-button elementor-button-link elementor-size-sm\" href=\"http:\/\/rma.legal\/equipo\/\">\n\t\t\t\t\t\t<span class=\"elementor-button-content-wrapper\">\n\t\t\t\t\t\t\t\t\t<span class=\"elementor-button-text\">CONEIX EL NOSTRE EQUIP<\/span>\n\t\t\t\t\t<\/span>\n\t\t\t\t\t<\/a>\n\t\t\t\t<\/div>\n\t\t\t\t\t\t\t\t<\/div>\n\t\t\t\t<\/div>\n\t\t\t\t<\/div>\n\t\t\t\t\t<\/div>\n\t\t\t\t<\/div>\n\t\t\t\t<\/div>\n\t\t","protected":false},"excerpt":{"rendered":"<p>La nostra missi\u00f3: La defensa i satisfacci\u00f3 del client, que en l&#8217;\u00e0mbit de la propietat industrial i intel\u00b7lectual \u00e9s tant optimitzar i protegir els seus drets com tamb\u00e9 defensar-lo davant de possibles accions de tercers. Volem ajudar-te La propietat industrial t\u00e9 l\u00edmits. No nom\u00e9s protegeix els titulars de drets. Tamb\u00e9 es pot lluitar contra els [&hellip;]<\/p>\n","protected":false},"author":2,"featured_media":0,"parent":0,"menu_order":0,"comment_status":"closed","ping_status":"closed","template":"elementor_header_footer","meta":{"footnotes":""},"class_list":["post-31647","page","type-page","status-publish","hentry"],"yoast_head":"<!-- This site is optimized with the Yoast SEO plugin v25.9 - https:\/\/yoast.com\/wordpress\/plugins\/seo\/ -->\n<title>El nostre despatx d&#039;advocats | RMA Advocats<\/title>\n<meta name=\"description\" content=\"Descobreix la filosofia i traject\u00f2ria de RMA Legal, un despatx d&#039;advocats a Barcelona especialitzat a assessorar empreses amb un enfocament pr\u00e0ctic, estrat\u00e8gic i multidisciplinari.\" \/>\n<meta name=\"robots\" content=\"index, follow, max-snippet:-1, max-image-preview:large, max-video-preview:-1\" \/>\n<link rel=\"canonical\" href=\"https:\/\/rma.legal\/ca\/el-despatx\/\" \/>\n<meta property=\"og:locale\" content=\"ca_ES\" \/>\n<meta property=\"og:type\" content=\"article\" \/>\n<meta property=\"og:title\" content=\"El nostre despatx d&#039;advocats | RMA Advocats\" \/>\n<meta property=\"og:description\" content=\"Descobreix la filosofia i traject\u00f2ria de RMA Legal, un despatx d&#039;advocats a Barcelona especialitzat a assessorar empreses amb un enfocament pr\u00e0ctic, estrat\u00e8gic i multidisciplinari.\" \/>\n<meta property=\"og:url\" content=\"https:\/\/rma.legal\/ca\/el-despatx\/\" \/>\n<meta property=\"og:site_name\" content=\"RMA Advocats\" \/>\n<meta property=\"article:modified_time\" content=\"2025-11-07T10:22:04+00:00\" \/>\n<meta name=\"twitter:card\" content=\"summary_large_image\" \/>\n<meta name=\"twitter:label1\" content=\"Temps estimat de lectura\" \/>\n\t<meta name=\"twitter:data1\" content=\"1 minut\" \/>\n<script type=\"application\/ld+json\" class=\"yoast-schema-graph\">{\"@context\":\"https:\/\/schema.org\",\"@graph\":[{\"@type\":\"WebPage\",\"@id\":\"https:\/\/rma.legal\/ca\/el-despatx\/\",\"url\":\"https:\/\/rma.legal\/ca\/el-despatx\/\",\"name\":\"El nostre despatx d'advocats | RMA Advocats\",\"isPartOf\":{\"@id\":\"https:\/\/rma.legal\/ca\/#website\"},\"datePublished\":\"2025-02-26T16:45:37+00:00\",\"dateModified\":\"2025-11-07T10:22:04+00:00\",\"description\":\"Descobreix la filosofia i traject\u00f2ria de RMA Legal, un despatx d'advocats a Barcelona especialitzat a assessorar empreses amb un enfocament pr\u00e0ctic, estrat\u00e8gic i multidisciplinari.\",\"breadcrumb\":{\"@id\":\"https:\/\/rma.legal\/ca\/el-despatx\/#breadcrumb\"},\"inLanguage\":\"ca\",\"potentialAction\":[{\"@type\":\"ReadAction\",\"target\":[\"https:\/\/rma.legal\/ca\/el-despatx\/\"]}]},{\"@type\":\"BreadcrumbList\",\"@id\":\"https:\/\/rma.legal\/ca\/el-despatx\/#breadcrumb\",\"itemListElement\":[{\"@type\":\"ListItem\",\"position\":1,\"name\":\"Portada\",\"item\":\"https:\/\/rma.legal\/ca\/\"},{\"@type\":\"ListItem\",\"position\":2,\"name\":\"El despatx\"}]},{\"@type\":\"WebSite\",\"@id\":\"https:\/\/rma.legal\/ca\/#website\",\"url\":\"https:\/\/rma.legal\/ca\/\",\"name\":\"RMA Advocats\",\"description\":\"RMA Legal Advocats\",\"publisher\":{\"@id\":\"https:\/\/rma.legal\/ca\/#organization\"},\"potentialAction\":[{\"@type\":\"SearchAction\",\"target\":{\"@type\":\"EntryPoint\",\"urlTemplate\":\"https:\/\/rma.legal\/ca\/?s={search_term_string}\"},\"query-input\":{\"@type\":\"PropertyValueSpecification\",\"valueRequired\":true,\"valueName\":\"search_term_string\"}}],\"inLanguage\":\"ca\"},{\"@type\":\"Organization\",\"@id\":\"https:\/\/rma.legal\/ca\/#organization\",\"name\":\"RMA Advocats\",\"url\":\"https:\/\/rma.legal\/ca\/\",\"logo\":{\"@type\":\"ImageObject\",\"inLanguage\":\"ca\",\"@id\":\"https:\/\/rma.legal\/ca\/#\/schema\/logo\/image\/\",\"url\":\"https:\/\/rma.legal\/wp-content\/uploads\/2025\/02\/Logo-rma-legal-invertido-footer-c-1.png\",\"contentUrl\":\"https:\/\/rma.legal\/wp-content\/uploads\/2025\/02\/Logo-rma-legal-invertido-footer-c-1.png\",\"width\":300,\"height\":125,\"caption\":\"RMA Advocats\"},\"image\":{\"@id\":\"https:\/\/rma.legal\/ca\/#\/schema\/logo\/image\/\"}}]}<\/script>\n<!-- \/ Yoast SEO plugin. -->","yoast_head_json":{"title":"El nostre despatx d'advocats | RMA Advocats","description":"Descobreix la filosofia i traject\u00f2ria de RMA Legal, un despatx d'advocats a Barcelona especialitzat a assessorar empreses amb un enfocament pr\u00e0ctic, estrat\u00e8gic i multidisciplinari.","robots":{"index":"index","follow":"follow","max-snippet":"max-snippet:-1","max-image-preview":"max-image-preview:large","max-video-preview":"max-video-preview:-1"},"canonical":"https:\/\/rma.legal\/ca\/el-despatx\/","og_locale":"ca_ES","og_type":"article","og_title":"El nostre despatx d'advocats | RMA Advocats","og_description":"Descobreix la filosofia i traject\u00f2ria de RMA Legal, un despatx d'advocats a Barcelona especialitzat a assessorar empreses amb un enfocament pr\u00e0ctic, estrat\u00e8gic i multidisciplinari.","og_url":"https:\/\/rma.legal\/ca\/el-despatx\/","og_site_name":"RMA Advocats","article_modified_time":"2025-11-07T10:22:04+00:00","twitter_card":"summary_large_image","twitter_misc":{"Temps estimat de lectura":"1 minut"},"schema":{"@context":"https:\/\/schema.org","@graph":[{"@type":"WebPage","@id":"https:\/\/rma.legal\/ca\/el-despatx\/","url":"https:\/\/rma.legal\/ca\/el-despatx\/","name":"El nostre despatx d'advocats | RMA Advocats","isPartOf":{"@id":"https:\/\/rma.legal\/ca\/#website"},"datePublished":"2025-02-26T16:45:37+00:00","dateModified":"2025-11-07T10:22:04+00:00","description":"Descobreix la filosofia i traject\u00f2ria de RMA Legal, un despatx d'advocats a Barcelona especialitzat a assessorar empreses amb un enfocament pr\u00e0ctic, estrat\u00e8gic i multidisciplinari.","breadcrumb":{"@id":"https:\/\/rma.legal\/ca\/el-despatx\/#breadcrumb"},"inLanguage":"ca","potentialAction":[{"@type":"ReadAction","target":["https:\/\/rma.legal\/ca\/el-despatx\/"]}]},{"@type":"BreadcrumbList","@id":"https:\/\/rma.legal\/ca\/el-despatx\/#breadcrumb","itemListElement":[{"@type":"ListItem","position":1,"name":"Portada","item":"https:\/\/rma.legal\/ca\/"},{"@type":"ListItem","position":2,"name":"El despatx"}]},{"@type":"WebSite","@id":"https:\/\/rma.legal\/ca\/#website","url":"https:\/\/rma.legal\/ca\/","name":"RMA Advocats","description":"RMA Legal Advocats","publisher":{"@id":"https:\/\/rma.legal\/ca\/#organization"},"potentialAction":[{"@type":"SearchAction","target":{"@type":"EntryPoint","urlTemplate":"https:\/\/rma.legal\/ca\/?s={search_term_string}"},"query-input":{"@type":"PropertyValueSpecification","valueRequired":true,"valueName":"search_term_string"}}],"inLanguage":"ca"},{"@type":"Organization","@id":"https:\/\/rma.legal\/ca\/#organization","name":"RMA Advocats","url":"https:\/\/rma.legal\/ca\/","logo":{"@type":"ImageObject","inLanguage":"ca","@id":"https:\/\/rma.legal\/ca\/#\/schema\/logo\/image\/","url":"https:\/\/rma.legal\/wp-content\/uploads\/2025\/02\/Logo-rma-legal-invertido-footer-c-1.png","contentUrl":"https:\/\/rma.legal\/wp-content\/uploads\/2025\/02\/Logo-rma-legal-invertido-footer-c-1.png","width":300,"height":125,"caption":"RMA Advocats"},"image":{"@id":"https:\/\/rma.legal\/ca\/#\/schema\/logo\/image\/"}}]}},"_links":{"self":[{"href":"https:\/\/rma.legal\/ca\/wp-json\/wp\/v2\/pages\/31647","targetHints":{"allow":["GET"]}}],"collection":[{"href":"https:\/\/rma.legal\/ca\/wp-json\/wp\/v2\/pages"}],"about":[{"href":"https:\/\/rma.legal\/ca\/wp-json\/wp\/v2\/types\/page"}],"author":[{"embeddable":true,"href":"https:\/\/rma.legal\/ca\/wp-json\/wp\/v2\/users\/2"}],"replies":[{"embeddable":true,"href":"https:\/\/rma.legal\/ca\/wp-json\/wp\/v2\/comments?post=31647"}],"version-history":[{"count":4,"href":"https:\/\/rma.legal\/ca\/wp-json\/wp\/v2\/pages\/31647\/revisions"}],"predecessor-version":[{"id":32327,"href":"https:\/\/rma.legal\/ca\/wp-json\/wp\/v2\/pages\/31647\/revisions\/32327"}],"wp:attachment":[{"href":"https:\/\/rma.legal\/ca\/wp-json\/wp\/v2\/media?parent=31647"}],"curies":[{"name":"wp","href":"https:\/\/api.w.org\/{rel}","templated":true}]}}