{"id":31554,"date":"2025-04-04T04:09:29","date_gmt":"2025-04-04T04:09:29","guid":{"rendered":"http:\/\/rma.legal\/politica-de-cookies\/"},"modified":"2025-05-15T14:43:59","modified_gmt":"2025-05-15T14:43:59","slug":"politica-de-cookies","status":"publish","type":"page","link":"https:\/\/rma.legal\/ca\/politica-de-cookies\/","title":{"rendered":"Pol\u00edtica de cookies"},"content":{"rendered":"\t\t<div data-elementor-type=\"wp-page\" data-elementor-id=\"31554\" class=\"elementor elementor-31554 elementor-29907\" data-elementor-post-type=\"page\">\n\t\t\t\t<div class=\"elementor-element elementor-element-6556c95e e-flex e-con-boxed e-con e-parent\" data-id=\"6556c95e\" data-element_type=\"container\">\n\t\t\t\t\t<div class=\"e-con-inner\">\n\t\t\t\t<div class=\"elementor-element elementor-element-640ceecd elementor-widget elementor-widget-text-editor\" data-id=\"640ceecd\" data-element_type=\"widget\" data-widget_type=\"text-editor.default\">\n\t\t\t\t<div class=\"elementor-widget-container\">\n\t\t\t\t\t\t\t\t\t\n<h2><strong>POL\u00cdTICA DE COOKIES<\/strong><\/h2>\n<p><span style=\"font-weight: 400;\">De conformitat amb la normativa espanyola que regula l&#8217;\u00fas de cookies en relaci\u00f3 a la prestaci\u00f3 de serveis de comunicacions electr\u00f2niques, recollida al Reial Decret-llei 13\/2012 del 30 de mar\u00e7, us informem sobre les cookies utilitzades al lloc web<\/span> <span style=\"font-weight: 400;\">rma.legal<\/span> <span style=\"font-weight: 400;\">(d&#8217;ara endavant, el \u201c<\/span> <b>Lloc Web<\/b><span style=\"font-weight: 400;\">\u201d) i el motiu del seu \u00fas.   <\/span><span style=\"font-weight: 400;\">r<\/span> <span style=\"font-weight: 400;\">ma.legal, us informa que en navegar al Lloc Web vost\u00e8 est\u00e0 prestant el seu consentiment per poder utilitzar-les.<\/span><\/p>\n<p><b>Qu\u00e8 s\u00f3n les<\/b> <b><i>galetes<\/i><\/b> <b>i per qu\u00e8 s&#8217;utilitzen?<\/b><\/p>\n<p><span style=\"font-weight: 400;\">Una<\/span> <i><span style=\"font-weight: 400;\">galeta<\/span><\/i> <span style=\"font-weight: 400;\">\u00e9s un fitxer que es descarrega al vostre ordinador, tablet, smartphone o qualsevol altre dispositiu en accedir a determinades p\u00e0gines web. Les galetes permeten a una p\u00e0gina web, entre altres coses, emmagatzemar i recuperar informaci\u00f3 sobre els h\u00e0bits de navegaci\u00f3 d&#8217;un usuari o del seu equip i, depenent de la informaci\u00f3 que continguin i de la manera com utilitzi el seu equip, es poden utilitzar per recon\u00e8ixer l&#8217;usuari. En cap cas les galetes podrien fer malb\u00e9 el seu equip. Per contra, el que estiguin actives ens ajuda a identificar i resoldre els possibles errors.   <\/span><\/p>\n<p><b>Identificaci\u00f3 de cookies<\/b><\/p>\n<p><span style=\"font-weight: 400;\">A continuaci\u00f3, es fa una classificaci\u00f3 de les cookies en funci\u00f3 d&#8217;una s\u00e8rie de categories. No obstant aix\u00f2, cal tenir en compte que una mateixa galeta pot estar inclosa en m\u00e9s d&#8217;una categoria. <\/span><\/p>\n<p><b>Tipus de galetes segons l&#8217;entitat que les gestiona<\/b><\/p>\n<p><span style=\"font-weight: 400;\">Segons qui sigui l&#8217;entitat que gestioni l&#8217;equip o el domini des d&#8217;on s&#8217;envien les cookies i tracti les dades que s&#8217;obtinguin, podem distingir:<\/span><\/p>\n<ul>\n<li style=\"font-weight: 400;\" aria-level=\"1\"><i><span style=\"font-weight: 400;\">Cookies pr\u00f2pies:<\/span><\/i><span style=\"font-weight: 400;\">  S\u00f3n les que s&#8217;envien a l&#8217;equip terminal de l&#8217;usuari des d&#8217;un equip o domini gestionat pel mateix editor i des del qual es presta el servei sol\u00b7licitat per l&#8217;usuari.   <\/span><i><span style=\"font-weight: 400;\">euCookie i Cookie de sessi\u00f3.<\/span><\/i><\/li>\n<li style=\"font-weight: 400;\" aria-level=\"1\"><span style=\"font-weight: 400;\">Galetes de tercers: S\u00f3n aquelles que s&#8217;envien a l&#8217;equip terminal de l&#8217;usuari des d&#8217;un equip o domini que no \u00e9s gestionat per l&#8217;editor, sin\u00f3 per una altra entitat que tracta les dades obtingudes a trav\u00e9s de les cookies, en aquest cas nosaltres tractem:<\/span> <i><span style=\"font-weight: 400;\">_ga, _gid, i _gat<\/span><\/i><\/li>\n<\/ul>\n<p><span style=\"font-weight: 400;\">En el cas que les cookies siguin instal\u00b7lades des d&#8217;un equip o domini gestionat pel mateix editor, per\u00f2 la informaci\u00f3 que es reculli mitjan\u00e7ant aquestes sigui gestionada per un tercer, no poden ser considerades com a cookies pr\u00f2pies.<\/span><\/p>\n<p><b>Tipus de cookies segons el termini de temps que romanen activades<\/b><\/p>\n<p><span style=\"font-weight: 400;\">Segons el termini de temps que romanen activades a l&#8217;equip terminal podem distingir:<\/span><\/p>\n<ul>\n<li style=\"font-weight: 400;\" aria-level=\"1\"><i><span style=\"font-weight: 400;\">Galetes de sessi\u00f3<\/span><\/i><span style=\"font-weight: 400;\">: S\u00f3n un tipus de cookies dissenyades per demanar i emmagatzemar dades mentre l&#8217;usuari accedeix a una p\u00e0gina web. Se solen fer servir per emmagatzemar informaci\u00f3 que nom\u00e9s interessa conservar per a la prestaci\u00f3 del servei sol\u00b7licitat per l&#8217;usuari en una sola ocasi\u00f3. <\/span><\/li>\n<li style=\"font-weight: 400;\" aria-level=\"1\"><i><span style=\"font-weight: 400;\">Cookies persistents<\/span><\/i> <span style=\"font-weight: 400;\">: S\u00f3n un tipus de cookies en qu\u00e8 les dades segueixen emmagatzemades al terminal i poden ser accedides i tractades durant un per\u00edode definit pel responsable de la galeta, i que pot anar d&#8217;uns minuts a diversos anys.<\/span><\/li>\n<\/ul>\n<p><b>Tipus de cookies segons la finalitat<\/b><\/p>\n<p><span style=\"font-weight: 400;\">Segons la finalitat per a la qual es tractin les dades obtingudes a trav\u00e9s de les cookies, podem distingir entre:<\/span><\/p>\n<ul>\n<li style=\"font-weight: 400;\" aria-level=\"1\"><i><span style=\"font-weight: 400;\">Galetes t\u00e8cniques:<\/span><\/i><span style=\"font-weight: 400;\">  S\u00f3n aquelles que permeten a l&#8217;usuari la navegaci\u00f3 a trav\u00e9s d&#8217;una p\u00e0gina web, plataforma o aplicaci\u00f3 i la utilitzaci\u00f3 de les diferents opcions o serveis que hi hagi com, per exemple, controlar el tr\u00e0nsit i la comunicaci\u00f3 de dades, identificar la sessi\u00f3, accedir a parts d&#8217;acc\u00e9s restringit, recordar els elements que integren una comanda, realitzar el proc\u00e9s de compra d&#8217;una comanda, fer la sol\u00b7licitud d&#8217;inscripci\u00f3 o participar en un esdeveniment, utilitzar elements so o compartir continguts a trav\u00e9s de xarxes socials.<\/span><\/li>\n<li style=\"font-weight: 400;\" aria-level=\"1\"><i><span style=\"font-weight: 400;\">Galetes de personalitzaci\u00f3:<\/span><\/i> <span style=\"font-weight: 400;\">S\u00f3n aquelles que permeten a l&#8217;usuari accedir al servei amb algunes caracter\u00edstiques de car\u00e0cter general predefinides en funci\u00f3 d&#8217;una s\u00e8rie de criteris al terminal de l&#8217;usuari com ara serien l&#8217;idioma, el tipus de navegador a trav\u00e9s del qual accedeix al servei, la configuraci\u00f3 regional des d&#8217;on accedeix al servei, etc.<\/span><\/li>\n<li style=\"font-weight: 400;\" aria-level=\"1\"><i><span style=\"font-weight: 400;\">Galetes d&#8217;an\u00e0lisi:<\/span><\/i><span style=\"font-weight: 400;\">  S\u00f3n aquelles que permeten al responsable de les mateixes, el seguiment i an\u00e0lisi del comportament dels usuaris dels llocs web a qu\u00e8 estan vinculades. La informaci\u00f3 recollida mitjan\u00e7ant aquest tipus de cookies s&#8217;utilitza en el mesurament de l&#8217;activitat dels llocs web, l&#8217;aplicaci\u00f3 o la plataforma i per a l&#8217;elaboraci\u00f3 de perfils de navegaci\u00f3 dels usuaris d&#8217;aquests llocs, aplicacions i plataformes, per introduir millores en funci\u00f3 de l&#8217;an\u00e0lisi de les dades d&#8217;\u00fas que fan els usuaris del servei. <\/span><\/li>\n<li style=\"font-weight: 400;\" aria-level=\"1\"><i><span style=\"font-weight: 400;\">Galetes publicit\u00e0ries:<\/span><\/i> <span style=\"font-weight: 400;\">S\u00f3n aquelles que permeten la gesti\u00f3, de la manera m\u00e9s efica\u00e7 possible, dels espais publicitaris que, si escau, l&#8217;editor hagi incl\u00f2s en una p\u00e0gina web, aplicaci\u00f3 o plataforma des de la qual presta el servei sol\u00b7licitat en base a criteris com el contingut editat o la freq\u00fc\u00e8ncia en qu\u00e8 es mostren els anuncis.<\/span><\/li>\n<li style=\"font-weight: 400;\" aria-level=\"1\"><i><span style=\"font-weight: 400;\">Cookies de publicitat comportamental:  <\/span><\/i><span style=\"font-weight: 400;\">S\u00f3n aquelles que permeten la gesti\u00f3, de la manera m\u00e9s efica\u00e7 possible, dels espais publicitaris que, si escau, l&#8217;editor hagi incl\u00f2s en una p\u00e0gina web, aplicaci\u00f3 o plataforma des de la qual presta el servei sol\u00b7licitat. Aquestes cookies emmagatzemen informaci\u00f3 del comportament dels usuaris obtinguda a trav\u00e9s de l&#8217;observaci\u00f3 continuada dels seus h\u00e0bits de navegaci\u00f3, cosa que permet desenvolupar un perfil espec\u00edfic per mostrar publicitat en funci\u00f3 del mateix. <\/span><\/li>\n<\/ul>\n<p><span style=\"font-weight: 400;\">Les<\/span> <i><span style=\"font-weight: 400;\">cookies<\/span><\/i> <span style=\"font-weight: 400;\">utilitzades al nostre Lloc Web s\u00f3n pr\u00f2pies i de tercers i ens permeten emmagatzemar i accedir a informaci\u00f3 relativa a l&#8217;idioma, el tipus de navegador utilitzat ia altres caracter\u00edstiques generals predefinides per l&#8217;usuari, aix\u00ed com seguir i analitzar l&#8217;activitat que duu a terme, per introduir millores i prestar els nostres serveis d&#8217;una manera m\u00e9s eficient i personalitzada.<\/span> <span style=\"font-weight: 400;\">Rma.legal<\/span> <span style=\"font-weight: 400;\">no utilitza cookies publicit\u00e0ries o de publicitat comportamental.<\/span><\/p>\n<p><span style=\"font-weight: 400;\">La utilitzaci\u00f3 de les cookies ofereix nombrosos avantatges en la prestaci\u00f3 de serveis de la Societat de la Informaci\u00f3, ja que, entre d&#8217;altres: (i) facilita a l&#8217;usuari la navegaci\u00f3 al Lloc Web i l&#8217;acc\u00e9s als diferents serveis que ofereix; (ii) evita a l&#8217;usuari configurar les caracter\u00edstiques generals predefinides cada vegada que accedeix al Lloc Web; instal\u00b7lades.   <\/span><\/p>\n<p><span style=\"font-weight: 400;\">A Rma-legal no recopilem ni guardem la vostra informaci\u00f3 personal (per exemple, el vostre nom o adre\u00e7a) per la qual cosa aquesta informaci\u00f3 no es pot utilitzar per identificar-vos.<\/span><\/p>\n<p><span style=\"font-weight: 400;\">No obstant aix\u00f2, podeu configurar el vostre navegador, acceptant o rebutjant totes les cookies, o b\u00e9 seleccionar aquelles la instal\u00b7laci\u00f3 de les quals admet i quines no, seguint un dels procediments seg\u00fcents, depenent del navegador utilitzat:<\/span><\/p>\n<ul>\n<li style=\"font-weight: 400;\" aria-level=\"1\"><a href=\"http:\/\/support.google.com\/chrome\/answer\/95647?hl=es\"><span style=\"font-weight: 400;\">Google Chrome<\/span><\/a><\/li>\n<li style=\"font-weight: 400;\" aria-level=\"1\"><a href=\"http:\/\/support.mozilla.org\/es\/kb\/habilitar-y-deshabilitar-cookies-que-los-sitios-we\"><span style=\"font-weight: 400;\">Mozilla Firefox<\/span><\/a><\/li>\n<li style=\"font-weight: 400;\" aria-level=\"1\"><a href=\"http:\/\/windows.microsoft.com\/es-es\/windows-vista\/block-or-allow-cookies\"><span style=\"font-weight: 400;\">Internet Explorer<\/span><\/a><\/li>\n<li style=\"font-weight: 400;\" aria-level=\"1\"><a href=\"http:\/\/support.apple.com\/kb\/ph5042?viewlocale=es_es\"><span style=\"font-weight: 400;\">Safari<\/span><\/a><\/li>\n<li style=\"font-weight: 400;\" aria-level=\"1\"><a href=\"http:\/\/help.opera.com\/Windows\/12.10\/en\/cookies.html\"><span style=\"font-weight: 400;\">Opera<\/span><\/a><\/li>\n<li style=\"font-weight: 400;\" aria-level=\"1\"><a href=\"http:\/\/www.windowsphone.com\/es-es\/how-to\/wp7\/web\/changing-privacy-and-other-browser-settings\"><span style=\"font-weight: 400;\">Internet Explorer (Windows Phone)<\/span><\/a><\/li>\n<li style=\"font-weight: 400;\" aria-level=\"1\"><a href=\"http:\/\/support.apple.com\/kb\/ht1677?viewlocale=es_es\"><span style=\"font-weight: 400;\">Safari per a IOS (iPhone i iPad)<\/span><\/a><\/li>\n<li style=\"font-weight: 400;\" aria-level=\"1\"><a href=\"http:\/\/support.google.com\/chrome\/answer\/2392971?hl=es\"><span style=\"font-weight: 400;\">Chrome per a Android<\/span><\/a><\/li>\n<\/ul>\n<p><b>Revisi\u00f3<\/b><\/p>\n<p><span style=\"font-weight: 400;\">La llista expressada en aquesta pol\u00edtica est\u00e0 relacionada en data 15 de mar\u00e7 de 2019 i ser\u00e0 actualitzada cada cop que s&#8217;introdueixin canvis b\u00e9 t\u00e8cnics, b\u00e9 legislatius.<\/span><\/p>\n\t\t\t\t\t\t\t\t<\/div>\n\t\t\t\t<\/div>\n\t\t\t\t\t<\/div>\n\t\t\t\t<\/div>\n\t\t\t\t<\/div>\n\t\t","protected":false},"excerpt":{"rendered":"<p>POL\u00cdTICA DE COOKIES De conformitat amb la normativa espanyola que regula l&#8217;\u00fas de cookies en relaci\u00f3 a la prestaci\u00f3 de serveis de comunicacions electr\u00f2niques, recollida al Reial Decret-llei 13\/2012 del 30 de mar\u00e7, us informem sobre les cookies utilitzades al lloc web rma.legal (d&#8217;ara endavant, el \u201c Lloc Web\u201d) i el motiu del seu \u00fas. [&hellip;]<\/p>\n","protected":false},"author":2,"featured_media":0,"parent":0,"menu_order":0,"comment_status":"closed","ping_status":"closed","template":"","meta":{"footnotes":""},"class_list":["post-31554","page","type-page","status-publish","hentry"],"yoast_head":"<!-- This site is optimized with the Yoast SEO plugin v25.9 - https:\/\/yoast.com\/wordpress\/plugins\/seo\/ -->\n<title>Pol\u00edtica de cookies - RMA Advocats<\/title>\n<meta name=\"robots\" content=\"index, follow, max-snippet:-1, max-image-preview:large, max-video-preview:-1\" \/>\n<link rel=\"canonical\" href=\"https:\/\/rma.legal\/ca\/politica-de-cookies\/\" \/>\n<meta property=\"og:locale\" content=\"ca_ES\" \/>\n<meta property=\"og:type\" content=\"article\" \/>\n<meta property=\"og:title\" content=\"Pol\u00edtica de cookies - RMA Advocats\" \/>\n<meta property=\"og:description\" content=\"POL\u00cdTICA DE COOKIES De conformitat amb la normativa espanyola que regula l&#8217;\u00fas de cookies en relaci\u00f3 a la prestaci\u00f3 de serveis de comunicacions electr\u00f2niques, recollida al Reial Decret-llei 13\/2012 del 30 de mar\u00e7, us informem sobre les cookies utilitzades al lloc web rma.legal (d&#8217;ara endavant, el \u201c Lloc Web\u201d) i el motiu del seu \u00fas. [&hellip;]\" \/>\n<meta property=\"og:url\" content=\"https:\/\/rma.legal\/ca\/politica-de-cookies\/\" \/>\n<meta property=\"og:site_name\" content=\"RMA Advocats\" \/>\n<meta property=\"article:modified_time\" content=\"2025-05-15T14:43:59+00:00\" \/>\n<meta name=\"twitter:card\" content=\"summary_large_image\" \/>\n<meta name=\"twitter:label1\" content=\"Temps estimat de lectura\" \/>\n\t<meta name=\"twitter:data1\" content=\"6 minuts\" \/>\n<script type=\"application\/ld+json\" class=\"yoast-schema-graph\">{\"@context\":\"https:\/\/schema.org\",\"@graph\":[{\"@type\":\"WebPage\",\"@id\":\"https:\/\/rma.legal\/ca\/politica-de-cookies\/\",\"url\":\"https:\/\/rma.legal\/ca\/politica-de-cookies\/\",\"name\":\"Pol\u00edtica de cookies - RMA Advocats\",\"isPartOf\":{\"@id\":\"https:\/\/rma.legal\/ca\/#website\"},\"datePublished\":\"2025-04-04T04:09:29+00:00\",\"dateModified\":\"2025-05-15T14:43:59+00:00\",\"breadcrumb\":{\"@id\":\"https:\/\/rma.legal\/ca\/politica-de-cookies\/#breadcrumb\"},\"inLanguage\":\"ca\",\"potentialAction\":[{\"@type\":\"ReadAction\",\"target\":[\"https:\/\/rma.legal\/ca\/politica-de-cookies\/\"]}]},{\"@type\":\"BreadcrumbList\",\"@id\":\"https:\/\/rma.legal\/ca\/politica-de-cookies\/#breadcrumb\",\"itemListElement\":[{\"@type\":\"ListItem\",\"position\":1,\"name\":\"Portada\",\"item\":\"https:\/\/rma.legal\/ca\/\"},{\"@type\":\"ListItem\",\"position\":2,\"name\":\"Pol\u00edtica de cookies\"}]},{\"@type\":\"WebSite\",\"@id\":\"https:\/\/rma.legal\/ca\/#website\",\"url\":\"https:\/\/rma.legal\/ca\/\",\"name\":\"RMA Advocats\",\"description\":\"RMA Legal Advocats\",\"publisher\":{\"@id\":\"https:\/\/rma.legal\/ca\/#organization\"},\"potentialAction\":[{\"@type\":\"SearchAction\",\"target\":{\"@type\":\"EntryPoint\",\"urlTemplate\":\"https:\/\/rma.legal\/ca\/?s={search_term_string}\"},\"query-input\":{\"@type\":\"PropertyValueSpecification\",\"valueRequired\":true,\"valueName\":\"search_term_string\"}}],\"inLanguage\":\"ca\"},{\"@type\":\"Organization\",\"@id\":\"https:\/\/rma.legal\/ca\/#organization\",\"name\":\"RMA Advocats\",\"url\":\"https:\/\/rma.legal\/ca\/\",\"logo\":{\"@type\":\"ImageObject\",\"inLanguage\":\"ca\",\"@id\":\"https:\/\/rma.legal\/ca\/#\/schema\/logo\/image\/\",\"url\":\"https:\/\/rma.legal\/wp-content\/uploads\/2025\/02\/Logo-rma-legal-invertido-footer-c-1.png\",\"contentUrl\":\"https:\/\/rma.legal\/wp-content\/uploads\/2025\/02\/Logo-rma-legal-invertido-footer-c-1.png\",\"width\":300,\"height\":125,\"caption\":\"RMA Advocats\"},\"image\":{\"@id\":\"https:\/\/rma.legal\/ca\/#\/schema\/logo\/image\/\"}}]}<\/script>\n<!-- \/ Yoast SEO plugin. -->","yoast_head_json":{"title":"Pol\u00edtica de cookies - RMA Advocats","robots":{"index":"index","follow":"follow","max-snippet":"max-snippet:-1","max-image-preview":"max-image-preview:large","max-video-preview":"max-video-preview:-1"},"canonical":"https:\/\/rma.legal\/ca\/politica-de-cookies\/","og_locale":"ca_ES","og_type":"article","og_title":"Pol\u00edtica de cookies - RMA Advocats","og_description":"POL\u00cdTICA DE COOKIES De conformitat amb la normativa espanyola que regula l&#8217;\u00fas de cookies en relaci\u00f3 a la prestaci\u00f3 de serveis de comunicacions electr\u00f2niques, recollida al Reial Decret-llei 13\/2012 del 30 de mar\u00e7, us informem sobre les cookies utilitzades al lloc web rma.legal (d&#8217;ara endavant, el \u201c Lloc Web\u201d) i el motiu del seu \u00fas. [&hellip;]","og_url":"https:\/\/rma.legal\/ca\/politica-de-cookies\/","og_site_name":"RMA Advocats","article_modified_time":"2025-05-15T14:43:59+00:00","twitter_card":"summary_large_image","twitter_misc":{"Temps estimat de lectura":"6 minuts"},"schema":{"@context":"https:\/\/schema.org","@graph":[{"@type":"WebPage","@id":"https:\/\/rma.legal\/ca\/politica-de-cookies\/","url":"https:\/\/rma.legal\/ca\/politica-de-cookies\/","name":"Pol\u00edtica de cookies - RMA Advocats","isPartOf":{"@id":"https:\/\/rma.legal\/ca\/#website"},"datePublished":"2025-04-04T04:09:29+00:00","dateModified":"2025-05-15T14:43:59+00:00","breadcrumb":{"@id":"https:\/\/rma.legal\/ca\/politica-de-cookies\/#breadcrumb"},"inLanguage":"ca","potentialAction":[{"@type":"ReadAction","target":["https:\/\/rma.legal\/ca\/politica-de-cookies\/"]}]},{"@type":"BreadcrumbList","@id":"https:\/\/rma.legal\/ca\/politica-de-cookies\/#breadcrumb","itemListElement":[{"@type":"ListItem","position":1,"name":"Portada","item":"https:\/\/rma.legal\/ca\/"},{"@type":"ListItem","position":2,"name":"Pol\u00edtica de cookies"}]},{"@type":"WebSite","@id":"https:\/\/rma.legal\/ca\/#website","url":"https:\/\/rma.legal\/ca\/","name":"RMA Advocats","description":"RMA Legal Advocats","publisher":{"@id":"https:\/\/rma.legal\/ca\/#organization"},"potentialAction":[{"@type":"SearchAction","target":{"@type":"EntryPoint","urlTemplate":"https:\/\/rma.legal\/ca\/?s={search_term_string}"},"query-input":{"@type":"PropertyValueSpecification","valueRequired":true,"valueName":"search_term_string"}}],"inLanguage":"ca"},{"@type":"Organization","@id":"https:\/\/rma.legal\/ca\/#organization","name":"RMA Advocats","url":"https:\/\/rma.legal\/ca\/","logo":{"@type":"ImageObject","inLanguage":"ca","@id":"https:\/\/rma.legal\/ca\/#\/schema\/logo\/image\/","url":"https:\/\/rma.legal\/wp-content\/uploads\/2025\/02\/Logo-rma-legal-invertido-footer-c-1.png","contentUrl":"https:\/\/rma.legal\/wp-content\/uploads\/2025\/02\/Logo-rma-legal-invertido-footer-c-1.png","width":300,"height":125,"caption":"RMA Advocats"},"image":{"@id":"https:\/\/rma.legal\/ca\/#\/schema\/logo\/image\/"}}]}},"_links":{"self":[{"href":"https:\/\/rma.legal\/ca\/wp-json\/wp\/v2\/pages\/31554","targetHints":{"allow":["GET"]}}],"collection":[{"href":"https:\/\/rma.legal\/ca\/wp-json\/wp\/v2\/pages"}],"about":[{"href":"https:\/\/rma.legal\/ca\/wp-json\/wp\/v2\/types\/page"}],"author":[{"embeddable":true,"href":"https:\/\/rma.legal\/ca\/wp-json\/wp\/v2\/users\/2"}],"replies":[{"embeddable":true,"href":"https:\/\/rma.legal\/ca\/wp-json\/wp\/v2\/comments?post=31554"}],"version-history":[{"count":3,"href":"https:\/\/rma.legal\/ca\/wp-json\/wp\/v2\/pages\/31554\/revisions"}],"predecessor-version":[{"id":31557,"href":"https:\/\/rma.legal\/ca\/wp-json\/wp\/v2\/pages\/31554\/revisions\/31557"}],"wp:attachment":[{"href":"https:\/\/rma.legal\/ca\/wp-json\/wp\/v2\/media?parent=31554"}],"curies":[{"name":"wp","href":"https:\/\/api.w.org\/{rel}","templated":true}]}}