{"id":31472,"date":"2025-04-04T04:13:12","date_gmt":"2025-04-04T04:13:12","guid":{"rendered":"http:\/\/rma.legal\/declaracio-daccessibilitat\/"},"modified":"2025-05-15T14:43:46","modified_gmt":"2025-05-15T14:43:46","slug":"declaracio-daccessibilitat","status":"publish","type":"page","link":"https:\/\/rma.legal\/ca\/declaracio-daccessibilitat\/","title":{"rendered":"Declaraci\u00f3 d&#8217;accessibilitat"},"content":{"rendered":"\t\t<div data-elementor-type=\"wp-page\" data-elementor-id=\"31472\" class=\"elementor elementor-31472 elementor-29917\" data-elementor-post-type=\"page\">\n\t\t\t\t<div class=\"elementor-element elementor-element-6556c95e e-flex e-con-boxed e-con e-parent\" data-id=\"6556c95e\" data-element_type=\"container\">\n\t\t\t\t\t<div class=\"e-con-inner\">\n\t\t\t\t<div class=\"elementor-element elementor-element-640ceecd elementor-widget elementor-widget-text-editor\" data-id=\"640ceecd\" data-element_type=\"widget\" data-widget_type=\"text-editor.default\">\n\t\t\t\t<div class=\"elementor-widget-container\">\n\t\t\t\t\t\t\t\t\t<h2><strong>DECLARACI\u00d3 D&#8217;ACCESSIBILITAT<\/strong><\/h2>\n<p><span style=\"font-weight: 400;\">Rma.legal<\/span> <span style=\"font-weight: 400;\">,<\/span><span style=\"font-weight: 400;\"> <\/span><span style=\"font-weight: 400;\">s&#8217;ha comprom\u00e8s a fer accessible el web<\/span> <span style=\"font-weight: 400;\">Rma.legal,<\/span> <span style=\"font-weight: 400;\">de conformitat amb la UNE-EN 301 549:2022 \u2013 excloent-ne el contingut excl\u00f2s pel RD 1112\/2018<\/span><\/p>\n<p><span style=\"font-weight: 400;\">Aquesta declaraci\u00f3 d&#8217;accessibilitat s&#8217;aplica al lloc web a qu\u00e8 fa refer\u00e8ncia la declaraci\u00f3, segons el cas.  <\/span><\/p>\n<p><span style=\"font-weight: 400;\">  Situaci\u00f3 de compliment<\/span><\/p>\n<p><span style=\"font-weight: 400;\">Aquest lloc web \u00e9s plenament conforme amb el<\/span> <a href=\"http:\/\/www.boe.es\/diario_boe\/txt.php?id=BOE-A-2018-12699\"><span style=\"font-weight: 400;\">RD 1112\/2018<\/span><\/a><\/p>\n<p><span style=\"font-weight: 400;\">Sent la web generalment avaluada com<\/span><\/p>\n<ul>\n<li style=\"font-weight: 400;\" aria-level=\"1\"><span style=\"font-weight: 400;\">Perceptible, quant a informaci\u00f3 i components de la interf\u00edcie<\/span><\/li>\n<li style=\"font-weight: 400;\" aria-level=\"1\"><span style=\"font-weight: 400;\">Operable quant a components de la interf\u00edcie d&#8217;usuari i navegaci\u00f3<\/span><\/li>\n<li style=\"font-weight: 400;\" aria-level=\"1\"><span style=\"font-weight: 400;\">Comprensible, quant a la informaci\u00f3 i el maneig de la interf\u00edcie d&#8217;usuari<\/span><\/li>\n<li style=\"font-weight: 400;\" aria-level=\"1\"><span style=\"font-weight: 400;\">Robust, quant al contingut i la seva interpretaci\u00f3<\/span><\/li>\n<\/ul>\n<p><span style=\"font-weight: 400;\">Preparaci\u00f3 d&#8217;aquesta declaraci\u00f3 d&#8217;accessibilitat<\/span><\/p>\n<p><span style=\"font-weight: 400;\">Aquesta declaraci\u00f3 va ser preparada el<\/span> <span style=\"font-weight: 400;\">3 d&#8217;abril del 2025.<\/span><\/p>\n<p><span style=\"font-weight: 400;\">El m\u00e8tode emprat per preparar la declaraci\u00f3 ha estat una autoavaluaci\u00f3 en combinaci\u00f3 amb lavaluaci\u00f3 del web https:\/\/www.tawdis.net\/  <\/span><\/p>\n<p><span style=\"font-weight: 400;\">La Declaraci\u00f3 d&#8217;Accessibilitat ha estat revisada i actualitzada el<\/span> <span style=\"font-weight: 400;\">3 d&#8217;abril del 2025.<\/span><\/p>\n<p><span style=\"font-weight: 400;\">Observacions i dades de contacte<\/span><\/p>\n<p><span style=\"font-weight: 400;\">Podeu fer comunicacions a trav\u00e9s del formulari de contacte d&#8217;aquest lloc web, sobre requisits d&#8217;accessibilitat (article 10.2.a del RD 1112\/2018) per a:<\/span><\/p>\n<ul>\n<li style=\"font-weight: 400;\" aria-level=\"1\"><span style=\"font-weight: 400;\">Informar sobre qualsevol possible incompliment per part d&#8217;aquest lloc web<\/span><\/li>\n<li style=\"font-weight: 400;\" aria-level=\"1\"><span style=\"font-weight: 400;\">Transmetre altres dificultats d&#8217;acc\u00e9s al contingut<\/span><\/li>\n<li style=\"font-weight: 400;\" aria-level=\"1\"><span style=\"font-weight: 400;\">Formular qualsevol altra consulta o suggeriment de millora relativa a l&#8217;accessibilitat del lloc web<\/span><\/li>\n<\/ul>\n<p><span style=\"color: var( --e-global-color-text ); font-family: var( --e-global-typography-text-font-family ), Sans-serif; font-size: var( --e-global-typography-text-font-size ); text-align: var(--text-align); background-color: var( --e-global-color-fc5ff30 );\">Qualsevol persona f\u00edsica o jur\u00eddica pot formular queixes relatives al compliment dels requisits del Reial decret 1112\/2018, de 7 de setembre, aix\u00ed com sol\u00b7licitar informaci\u00f3 relativa a continguts que estiguin exclosos de l\u00e0mbit daplicaci\u00f3 daquesta normativa.<\/span><\/p>\n<p><span style=\"font-weight: 400;\">Un cop rebuda la vostra consulta d&#8217;informaci\u00f3 o queixa, donarem resposta en el menor temps possible.<\/span><\/p>\n<p><span style=\"color: var( --e-global-color-text ); font-family: var( --e-global-typography-text-font-family ), Sans-serif; font-size: var( --e-global-typography-text-font-size ); text-align: var(--text-align); background-color: var( --e-global-color-fc5ff30 );\">El nostre comprom\u00eds amb l&#8217;accessibilitat<\/span><\/p>\n<p><span style=\"font-weight: 400;\">En aquesta web s&#8217;han adoptat una s\u00e8rie de mesures que tenen com a objectiu millorar l&#8217;accessibilitat mitjan\u00e7ant<\/span><\/p>\n<ul>\n<li style=\"font-weight: 400;\" aria-level=\"1\"><span style=\"font-weight: 400;\">Incloure continguts clars i ben estructurats.<\/span><\/li>\n<li style=\"font-weight: 400;\" aria-level=\"1\"><span style=\"font-weight: 400;\">Millorar la navegaci\u00f3 i lexperi\u00e8ncia de lusuari.<\/span><\/li>\n<\/ul>\n<p><\/p>\t\t\t\t\t\t\t\t<\/div>\n\t\t\t\t<\/div>\n\t\t\t\t\t<\/div>\n\t\t\t\t<\/div>\n\t\t\t\t<\/div>\n\t\t","protected":false},"excerpt":{"rendered":"<p>DECLARACI\u00d3 D&#8217;ACCESSIBILITAT Rma.legal , s&#8217;ha comprom\u00e8s a fer accessible el web Rma.legal, de conformitat amb la UNE-EN 301 549:2022 \u2013 excloent-ne el contingut excl\u00f2s pel RD 1112\/2018 Aquesta declaraci\u00f3 d&#8217;accessibilitat s&#8217;aplica al lloc web a qu\u00e8 fa refer\u00e8ncia la declaraci\u00f3, segons el cas. Situaci\u00f3 de compliment Aquest lloc web \u00e9s plenament conforme amb el RD [&hellip;]<\/p>\n","protected":false},"author":2,"featured_media":0,"parent":0,"menu_order":0,"comment_status":"closed","ping_status":"closed","template":"","meta":{"footnotes":""},"class_list":["post-31472","page","type-page","status-publish","hentry"],"yoast_head":"<!-- This site is optimized with the Yoast SEO plugin v25.9 - https:\/\/yoast.com\/wordpress\/plugins\/seo\/ -->\n<title>Declaraci\u00f3 d&#039;accessibilitat - RMA Advocats<\/title>\n<meta name=\"robots\" content=\"index, follow, max-snippet:-1, max-image-preview:large, max-video-preview:-1\" \/>\n<link rel=\"canonical\" href=\"https:\/\/rma.legal\/ca\/declaracio-daccessibilitat\/\" \/>\n<meta property=\"og:locale\" content=\"ca_ES\" \/>\n<meta property=\"og:type\" content=\"article\" \/>\n<meta property=\"og:title\" content=\"Declaraci\u00f3 d&#039;accessibilitat - RMA Advocats\" \/>\n<meta property=\"og:description\" content=\"DECLARACI\u00d3 D&#8217;ACCESSIBILITAT Rma.legal , s&#8217;ha comprom\u00e8s a fer accessible el web Rma.legal, de conformitat amb la UNE-EN 301 549:2022 \u2013 excloent-ne el contingut excl\u00f2s pel RD 1112\/2018 Aquesta declaraci\u00f3 d&#8217;accessibilitat s&#8217;aplica al lloc web a qu\u00e8 fa refer\u00e8ncia la declaraci\u00f3, segons el cas. Situaci\u00f3 de compliment Aquest lloc web \u00e9s plenament conforme amb el RD [&hellip;]\" \/>\n<meta property=\"og:url\" content=\"https:\/\/rma.legal\/ca\/declaracio-daccessibilitat\/\" \/>\n<meta property=\"og:site_name\" content=\"RMA Advocats\" \/>\n<meta property=\"article:modified_time\" content=\"2025-05-15T14:43:46+00:00\" \/>\n<meta name=\"twitter:card\" content=\"summary_large_image\" \/>\n<meta name=\"twitter:label1\" content=\"Temps estimat de lectura\" \/>\n\t<meta name=\"twitter:data1\" content=\"1 minut\" \/>\n<script type=\"application\/ld+json\" class=\"yoast-schema-graph\">{\"@context\":\"https:\/\/schema.org\",\"@graph\":[{\"@type\":\"WebPage\",\"@id\":\"https:\/\/rma.legal\/ca\/declaracio-daccessibilitat\/\",\"url\":\"https:\/\/rma.legal\/ca\/declaracio-daccessibilitat\/\",\"name\":\"Declaraci\u00f3 d'accessibilitat - RMA Advocats\",\"isPartOf\":{\"@id\":\"https:\/\/rma.legal\/ca\/#website\"},\"datePublished\":\"2025-04-04T04:13:12+00:00\",\"dateModified\":\"2025-05-15T14:43:46+00:00\",\"breadcrumb\":{\"@id\":\"https:\/\/rma.legal\/ca\/declaracio-daccessibilitat\/#breadcrumb\"},\"inLanguage\":\"ca\",\"potentialAction\":[{\"@type\":\"ReadAction\",\"target\":[\"https:\/\/rma.legal\/ca\/declaracio-daccessibilitat\/\"]}]},{\"@type\":\"BreadcrumbList\",\"@id\":\"https:\/\/rma.legal\/ca\/declaracio-daccessibilitat\/#breadcrumb\",\"itemListElement\":[{\"@type\":\"ListItem\",\"position\":1,\"name\":\"Portada\",\"item\":\"https:\/\/rma.legal\/ca\/\"},{\"@type\":\"ListItem\",\"position\":2,\"name\":\"Declaraci\u00f3 d&#8217;accessibilitat\"}]},{\"@type\":\"WebSite\",\"@id\":\"https:\/\/rma.legal\/ca\/#website\",\"url\":\"https:\/\/rma.legal\/ca\/\",\"name\":\"RMA Advocats\",\"description\":\"RMA Legal Advocats\",\"publisher\":{\"@id\":\"https:\/\/rma.legal\/ca\/#organization\"},\"potentialAction\":[{\"@type\":\"SearchAction\",\"target\":{\"@type\":\"EntryPoint\",\"urlTemplate\":\"https:\/\/rma.legal\/ca\/?s={search_term_string}\"},\"query-input\":{\"@type\":\"PropertyValueSpecification\",\"valueRequired\":true,\"valueName\":\"search_term_string\"}}],\"inLanguage\":\"ca\"},{\"@type\":\"Organization\",\"@id\":\"https:\/\/rma.legal\/ca\/#organization\",\"name\":\"RMA Advocats\",\"url\":\"https:\/\/rma.legal\/ca\/\",\"logo\":{\"@type\":\"ImageObject\",\"inLanguage\":\"ca\",\"@id\":\"https:\/\/rma.legal\/ca\/#\/schema\/logo\/image\/\",\"url\":\"https:\/\/rma.legal\/wp-content\/uploads\/2025\/02\/Logo-rma-legal-invertido-footer-c-1.png\",\"contentUrl\":\"https:\/\/rma.legal\/wp-content\/uploads\/2025\/02\/Logo-rma-legal-invertido-footer-c-1.png\",\"width\":300,\"height\":125,\"caption\":\"RMA Advocats\"},\"image\":{\"@id\":\"https:\/\/rma.legal\/ca\/#\/schema\/logo\/image\/\"}}]}<\/script>\n<!-- \/ Yoast SEO plugin. -->","yoast_head_json":{"title":"Declaraci\u00f3 d'accessibilitat - RMA Advocats","robots":{"index":"index","follow":"follow","max-snippet":"max-snippet:-1","max-image-preview":"max-image-preview:large","max-video-preview":"max-video-preview:-1"},"canonical":"https:\/\/rma.legal\/ca\/declaracio-daccessibilitat\/","og_locale":"ca_ES","og_type":"article","og_title":"Declaraci\u00f3 d'accessibilitat - RMA Advocats","og_description":"DECLARACI\u00d3 D&#8217;ACCESSIBILITAT Rma.legal , s&#8217;ha comprom\u00e8s a fer accessible el web Rma.legal, de conformitat amb la UNE-EN 301 549:2022 \u2013 excloent-ne el contingut excl\u00f2s pel RD 1112\/2018 Aquesta declaraci\u00f3 d&#8217;accessibilitat s&#8217;aplica al lloc web a qu\u00e8 fa refer\u00e8ncia la declaraci\u00f3, segons el cas. Situaci\u00f3 de compliment Aquest lloc web \u00e9s plenament conforme amb el RD [&hellip;]","og_url":"https:\/\/rma.legal\/ca\/declaracio-daccessibilitat\/","og_site_name":"RMA Advocats","article_modified_time":"2025-05-15T14:43:46+00:00","twitter_card":"summary_large_image","twitter_misc":{"Temps estimat de lectura":"1 minut"},"schema":{"@context":"https:\/\/schema.org","@graph":[{"@type":"WebPage","@id":"https:\/\/rma.legal\/ca\/declaracio-daccessibilitat\/","url":"https:\/\/rma.legal\/ca\/declaracio-daccessibilitat\/","name":"Declaraci\u00f3 d'accessibilitat - RMA Advocats","isPartOf":{"@id":"https:\/\/rma.legal\/ca\/#website"},"datePublished":"2025-04-04T04:13:12+00:00","dateModified":"2025-05-15T14:43:46+00:00","breadcrumb":{"@id":"https:\/\/rma.legal\/ca\/declaracio-daccessibilitat\/#breadcrumb"},"inLanguage":"ca","potentialAction":[{"@type":"ReadAction","target":["https:\/\/rma.legal\/ca\/declaracio-daccessibilitat\/"]}]},{"@type":"BreadcrumbList","@id":"https:\/\/rma.legal\/ca\/declaracio-daccessibilitat\/#breadcrumb","itemListElement":[{"@type":"ListItem","position":1,"name":"Portada","item":"https:\/\/rma.legal\/ca\/"},{"@type":"ListItem","position":2,"name":"Declaraci\u00f3 d&#8217;accessibilitat"}]},{"@type":"WebSite","@id":"https:\/\/rma.legal\/ca\/#website","url":"https:\/\/rma.legal\/ca\/","name":"RMA Advocats","description":"RMA Legal Advocats","publisher":{"@id":"https:\/\/rma.legal\/ca\/#organization"},"potentialAction":[{"@type":"SearchAction","target":{"@type":"EntryPoint","urlTemplate":"https:\/\/rma.legal\/ca\/?s={search_term_string}"},"query-input":{"@type":"PropertyValueSpecification","valueRequired":true,"valueName":"search_term_string"}}],"inLanguage":"ca"},{"@type":"Organization","@id":"https:\/\/rma.legal\/ca\/#organization","name":"RMA Advocats","url":"https:\/\/rma.legal\/ca\/","logo":{"@type":"ImageObject","inLanguage":"ca","@id":"https:\/\/rma.legal\/ca\/#\/schema\/logo\/image\/","url":"https:\/\/rma.legal\/wp-content\/uploads\/2025\/02\/Logo-rma-legal-invertido-footer-c-1.png","contentUrl":"https:\/\/rma.legal\/wp-content\/uploads\/2025\/02\/Logo-rma-legal-invertido-footer-c-1.png","width":300,"height":125,"caption":"RMA Advocats"},"image":{"@id":"https:\/\/rma.legal\/ca\/#\/schema\/logo\/image\/"}}]}},"_links":{"self":[{"href":"https:\/\/rma.legal\/ca\/wp-json\/wp\/v2\/pages\/31472","targetHints":{"allow":["GET"]}}],"collection":[{"href":"https:\/\/rma.legal\/ca\/wp-json\/wp\/v2\/pages"}],"about":[{"href":"https:\/\/rma.legal\/ca\/wp-json\/wp\/v2\/types\/page"}],"author":[{"embeddable":true,"href":"https:\/\/rma.legal\/ca\/wp-json\/wp\/v2\/users\/2"}],"replies":[{"embeddable":true,"href":"https:\/\/rma.legal\/ca\/wp-json\/wp\/v2\/comments?post=31472"}],"version-history":[{"count":1,"href":"https:\/\/rma.legal\/ca\/wp-json\/wp\/v2\/pages\/31472\/revisions"}],"predecessor-version":[{"id":31473,"href":"https:\/\/rma.legal\/ca\/wp-json\/wp\/v2\/pages\/31472\/revisions\/31473"}],"wp:attachment":[{"href":"https:\/\/rma.legal\/ca\/wp-json\/wp\/v2\/media?parent=31472"}],"curies":[{"name":"wp","href":"https:\/\/api.w.org\/{rel}","templated":true}]}}